{"id":88,"date":"2018-03-13T11:21:13","date_gmt":"2018-03-13T11:21:13","guid":{"rendered":"https:\/\/bridge181.qodeinteractive.com\/?page_id=88"},"modified":"2022-12-15T03:02:05","modified_gmt":"2022-12-15T02:02:05","slug":"contacto-2","status":"publish","type":"page","link":"https:\/\/espinosagolfdesign.eu\/fr\/contacto-2","title":{"rendered":"CONTACTEZ-NOUS"},"content":{"rendered":"<section class=\"wpb-content-wrapper\">\n\n\n[vc_row css_animation=&#8221;&#8221; row_type=&#8221;row&#8221; use_row_as_full_screen_section=&#8221;no&#8221; type=&#8221;grid&#8221; angled_section=&#8221;no&#8221; text_align=&#8221;left&#8221; background_image_as_pattern=&#8221;without_pattern&#8221; z_index=&#8221;&#8221; css=&#8221;.vc_custom_1520940476961{padding-top: 120px !important;padding-bottom: 43px !important;}&#8221;][vc_column offset=&#8221;vc_col-md-6&#8243;][vc_column_text]\n<h1>Comment pouvons-nous vous aider?<\/h1>\n[\/vc_column_text][vc_separator type=&#8221;small&#8221; position=&#8221;left&#8221; color=&#8221;#2f6f81&#8243; thickness=&#8221;3&#8243; width=&#8221;36&#8243; up=&#8221;18&#8243; down=&#8221;15&#8243;][vc_column_text]\n<h4>Si vous souhaitez recevoir plus d&#8217;informations, demander un devis ou travailler avec nous, vous pouvez remplir ce formulaire pour entrer en contact avec vous.<\/h4>\n[\/vc_column_text][vc_empty_space height=&#8221;17px&#8221;]<p class=\"wpcf7-contact-form-not-found\"><strong>Error:<\/strong> Contact form not found.<\/p>[\/vc_column][vc_column offset=&#8221;vc_col-md-6&#8243;][vc_column_text]\n<h1>Localisation<\/h1>\n[\/vc_column_text][vc_separator type=&#8221;small&#8221; position=&#8221;left&#8221; color=&#8221;#2f6f81&#8243; thickness=&#8221;3&#8243; width=&#8221;36&#8243; up=&#8221;18&#8243; down=&#8221;15&#8243;][vc_column_text]\n<h4>C\/ N\u00fa\u00f1\u00e9z de Balboa 47. 28001 Madrid.<\/h4>\n<h4>Email. info@espinosagolfdesign.eu<\/h4>\n<h4>T. +34 910 808 041<\/h4>\n[\/vc_column_text][vc_empty_space][vc_single_image image=&#8221;286&#8243; img_size=&#8221;full&#8221; onclick=&#8221;img_link_large&#8221; qode_css_animation=&#8221;element_from_left&#8221;][\/vc_column][\/vc_row]\n<\/section>","protected":false},"excerpt":{"rendered":"<p>[vc_row css_animation=&#8221;&#8221; row_type=&#8221;row&#8221; use_row_as_full_screen_section=&#8221;no&#8221; type=&#8221;grid&#8221; angled_section=&#8221;no&#8221; text_align=&#8221;left&#8221; background_image_as_pattern=&#8221;without_pattern&#8221; z_index=&#8221;&#8221; css=&#8221;.vc_custom_1520940476961{padding-top: 120px !important;padding-bottom: 43px !important;}&#8221;][vc_column offset=&#8221;vc_col-md-6&#8243;][vc_column_text] Comment pouvons-nous vous aider? [\/vc_column_text][vc_separator type=&#8221;small&#8221; position=&#8221;left&#8221; color=&#8221;#2f6f81&#8243; thickness=&#8221;3&#8243; width=&#8221;36&#8243; up=&#8221;18&#8243; down=&#8221;15&#8243;][vc_column_text] Si vous souhaitez recevoir plus d&#8217;informations, demander un devis ou travailler avec nous, vous pouvez remplir ce formulaire&#8230;<\/p>\n","protected":false},"author":1,"featured_media":0,"parent":0,"menu_order":0,"comment_status":"closed","ping_status":"closed","template":"full_width.php","meta":[],"translation":{"provider":"WPGlobus","version":"2.10.6","language":"fr","enabled_languages":["es","en","fr"],"languages":{"es":{"title":true,"content":true,"excerpt":false},"en":{"title":true,"content":true,"excerpt":false},"fr":{"title":true,"content":true,"excerpt":false}}},"_links":{"self":[{"href":"https:\/\/espinosagolfdesign.eu\/fr\/wp-json\/wp\/v2\/pages\/88"}],"collection":[{"href":"https:\/\/espinosagolfdesign.eu\/fr\/wp-json\/wp\/v2\/pages"}],"about":[{"href":"https:\/\/espinosagolfdesign.eu\/fr\/wp-json\/wp\/v2\/types\/page"}],"author":[{"embeddable":true,"href":"https:\/\/espinosagolfdesign.eu\/fr\/wp-json\/wp\/v2\/users\/1"}],"replies":[{"embeddable":true,"href":"https:\/\/espinosagolfdesign.eu\/fr\/wp-json\/wp\/v2\/comments?post=88"}],"version-history":[{"count":17,"href":"https:\/\/espinosagolfdesign.eu\/fr\/wp-json\/wp\/v2\/pages\/88\/revisions"}],"predecessor-version":[{"id":4574,"href":"https:\/\/espinosagolfdesign.eu\/fr\/wp-json\/wp\/v2\/pages\/88\/revisions\/4574"}],"wp:attachment":[{"href":"https:\/\/espinosagolfdesign.eu\/fr\/wp-json\/wp\/v2\/media?parent=88"}],"curies":[{"name":"wp","href":"https:\/\/api.w.org\/{rel}","templated":true}]}}