{"id":71,"date":"2018-03-13T09:39:53","date_gmt":"2018-03-13T09:39:53","guid":{"rendered":"https:\/\/bridge181.qodeinteractive.com\/?page_id=71"},"modified":"2022-12-15T02:48:20","modified_gmt":"2022-12-15T01:48:20","slug":"servicios-2","status":"publish","type":"page","link":"https:\/\/espinosagolfdesign.eu\/fr\/servicios-2","title":{"rendered":"Services"},"content":{"rendered":"<section class=\"wpb-content-wrapper\">\n[vc_row css_animation=&#8221;&#8221; row_type=&#8221;row&#8221; use_row_as_full_screen_section=&#8221;no&#8221; type=&#8221;grid&#8221; angled_section=&#8221;no&#8221; text_align=&#8221;left&#8221; background_image_as_pattern=&#8221;without_pattern&#8221; z_index=&#8221;&#8221; css=&#8221;.vc_custom_1520936957542{padding-top: 120px !important;padding-bottom: 100px !important;}&#8221;][vc_column offset=&#8221;vc_col-lg-4 vc_col-md-5&#8243;][vc_column_text]\n<h1>Services<\/h1>\n[\/vc_column_text][vc_separator type=&#8221;small&#8221; position=&#8221;left&#8221; color=&#8221;#2f6f81&#8243; thickness=&#8221;3&#8243; width=&#8221;36&#8243; up=&#8221;23&#8243;][vc_column_text]\n<h4>Les diff\u00e9rents services qu\u00b4offre Espinosa Golf Design pour votre  projet de golf comprennent depuis la faisabilit\u00e9 du projet et la planification du Master Plan, la r\u00e9alisation du dessin et le projet d\u00b4ex\u00e9cution du parcours de golf jusqu\u00b4\u00e0 la Ma\u00eetrise d\u00b4\u0153uvre tout le long de l\u00b4ex\u00e9cution du projet. <\/h4>\n[\/vc_column_text][qode_elements_holder number_of_columns=&#8221;one_column&#8221;][qode_elements_holder_item item_padding=&#8221;36px 5% 80px 0px&#8221; advanced_animations=&#8221;no&#8221;]<a  itemprop=\"url\" href=\"www.espinosagolfdesign.eu\/fr\/proyectos\" target=\"_self\"  class=\"qbutton  default\" style=\"\">Nos projets<\/a>[\/qode_elements_holder_item][\/qode_elements_holder][\/vc_column][vc_column offset=&#8221;vc_col-lg-8 vc_col-md-7&#8243;]<div class=\"qode-accordion-holder clearfix qode-accordion qode-initial \">\n\t<h3 class=\"clearfix qode-title-holder\">\n<span class=\"qode-tab-title\">\n\t    <span class=\"qode-tab-title-inner\">\n        MASTER PLAN    <\/span>\n<\/span>\n<span class=\"qode-accordion-mark\">\n    <span class=\"qode-accordion-mark-icon\">\n        <span class=\"icon_plus\"><\/span>\n        <span class=\"icon_minus-06\"><\/span>\n    <\/span>\n<\/span>\n<\/h3>\n<div  class=\"qode-accordion-content \" style=\"padding: 35px 30px\">\n    <div class=\"qode-accordion-content-inner\">\n        [vc_column_text]\n<ul>\n \t<li>Le Master Plan int\u00e8gre tous les zones qui interviennent dans la configuration urbanistique de la propri\u00e9t\u00e9 qu\u00b4on d\u00e9sire transformer: zone h\u00f4teli\u00e8re, sportive et loisirs, r\u00e9sidentielle et celle d\u00e9di\u00e9e au complexe de golf constitu\u00e9e par: le club-house, le parcours et les diff\u00e9rentes zones de pratiques.<\/li>\n \t<li>Espinosa Golf Design fait une \u00e9valuation initiale du terrain pour identifier, analyser et faire une premi\u00e8re \u00e9valuation des diff\u00e9rentes possibilit\u00e9s que peut offrir la propri\u00e9t\u00e9 o\u00f9 l\u00b4on veut r\u00e9aliser un parcours de golf.<\/li>\n \t<li>Il est tr\u00e8s important de planifier de fa\u00e7on coh\u00e9rente et globale les diff\u00e9rents usages et les espaces de la propri\u00e9t\u00e9, en \u00e9tudiant l\u00b4int\u00e9gration de toutes et chacune des installations et des actions r\u00e9unies dans le projet. Le parcours de golf occupe une surface tr\u00e8s importante et affecte directement le projet urbanistique tout entier. Par cons\u00e9quent, avant de commencer le dessin du parcours de golf, on doit \u00e9tudier le meilleur emplacement du m\u00eame dans la propri\u00e9t\u00e9, en tenant compte de tous les diff\u00e9rents param\u00e8tres techniques, fonctionnelles et urbanistiques.<\/li>\n<\/ul>\n[\/vc_column_text]    <\/div>\n<\/div><h3 class=\"clearfix qode-title-holder\">\n<span class=\"qode-tab-title\">\n\t    <span class=\"qode-tab-title-inner\">\n        DESSIN DU PARCOURS DE GOLF    <\/span>\n<\/span>\n<span class=\"qode-accordion-mark\">\n    <span class=\"qode-accordion-mark-icon\">\n        <span class=\"icon_plus\"><\/span>\n        <span class=\"icon_minus-06\"><\/span>\n    <\/span>\n<\/span>\n<\/h3>\n<div  class=\"qode-accordion-content \" style=\"padding: 35px 30px\">\n    <div class=\"qode-accordion-content-inner\">\n        [vc_column_text]\n<ul>\n \t<li>Une fois finie la phase du Master Plan, commence le grand d\u00e9fi pour le dessinateur du parcours de golf. Pour ce faire, Espinosa Golf Design dispose de dessinateurs de grande exp\u00e9rience dans le monde du golf. Ram\u00f3n Espinosa est le dessinateur espagnol le plus exp\u00e9riment\u00e9 aujourd\u00b4hui, ayant r\u00e9alis\u00e9 des projets de renomm\u00e9s \u00e0 l\u00b4\u00e9chelle internationale.<\/li>\n \t<li>Les travaux commencent par la r\u00e9alisation d\u00b4un pr\u00e9-dessin du golf o\u00f9 le parcours et les diff\u00e9rentes zones d\u00b4entra\u00eenement seront situ\u00e9s.<\/li>\n \t<li>Apr\u00e8s l\u00b4acceptation du pr\u00e9-dessin, on poursuivra le travail en compl\u00e9tant, red\u00e9finissant et modifiant le pr\u00e9-dessin jusqu\u00b4\u00e0 la r\u00e9alisation du dessin d\u00e9finitive du golf. Dans le dessin on contemplera toutes les modifications qui ont pu surgir pendant le d\u00e9veloppement du projet et on indiquera d\u00b4une mani\u00e8re plus pr\u00e9cise et r\u00e9elle les diff\u00e9rentes plates-formes de tees de sortie, les bunkers, les greens d\u00e9finitifs, la diff\u00e9renciation des fairways et le rough, les lacs, ainsi que les diff\u00e9rentes zones d\u00b4entra\u00eenement.<\/li>\n \t<li>Dans nos dessins nous cherchons que le parcours s\u00b4adapte aux param\u00e8tres \u00e9tablis avec les promoteurs, en tenant compte des r\u00e8gles des diff\u00e9rents services officiels et la s\u00e9curit\u00e9 du jeu. Le but ultime est d\u00b4obtenir un dessin adapt\u00e9 aux besoins de toutes les parties concern\u00e9es et au plus grand nombre de joueurs possible<\/li>\n<\/ul>\n[\/vc_column_text]    <\/div>\n<\/div><h3 class=\"clearfix qode-title-holder\">\n<span class=\"qode-tab-title\">\n\t    <span class=\"qode-tab-title-inner\">\n        PROJET DE CONSTRUCTION    <\/span>\n<\/span>\n<span class=\"qode-accordion-mark\">\n    <span class=\"qode-accordion-mark-icon\">\n        <span class=\"icon_plus\"><\/span>\n        <span class=\"icon_minus-06\"><\/span>\n    <\/span>\n<\/span>\n<\/h3>\n<div  class=\"qode-accordion-content \" style=\"padding: 35px 30px\">\n    <div class=\"qode-accordion-content-inner\">\n        [vc_column_text]\n<ul>\n \t<li>Apr\u00e8s le dessin du golf, commence la r\u00e9alisation du projet de construction. Pour cela Espinosa Golf Design compte sur la collaboration d\u00b4excellents professionnels et d\u00b4une \u00e9quipe technique dipl\u00f4m\u00e9e qui a une vaste exp\u00e9rience dans la r\u00e9alisation de projets de construction.<\/li>\n \t<li>Dans le projet de construction seront r\u00e9alis\u00e9s tous les calculs et m\u00e9trages n\u00e9cessaires pour la construction du parcours de golf, ainsi on exposera les qualit\u00e9s des mat\u00e9riaux et les m\u00e9thodes de construction tout en respectant l\u00b4environnement et en tenant compte de la future faisabilit\u00e9 de sa construction et son ult\u00e9rieur entretien. <\/li>\n<li>Chez Espinosa Golf Design nous r\u00e9alisons des projets tr\u00e8s adapt\u00e9s \u00e0 la r\u00e9alit\u00e9, en d\u00e9finissant parfaitement chaque charge et travail \u00e0 accomplir y compris les unit\u00e9s et co\u00fbts correspondants. De cette fa\u00e7on nous \u00e9vitons les probl\u00e8mes qui peuvent survenir au cours de la construction et les possibles variations du devis.<\/li>\n<\/ul>\n[\/vc_column_text]    <\/div>\n<\/div><h3 class=\"clearfix qode-title-holder\">\n<span class=\"qode-tab-title\">\n\t    <span class=\"qode-tab-title-inner\">\n        MA\u00ceTRISED\u00b4OEUVRE    <\/span>\n<\/span>\n<span class=\"qode-accordion-mark\">\n    <span class=\"qode-accordion-mark-icon\">\n        <span class=\"icon_plus\"><\/span>\n        <span class=\"icon_minus-06\"><\/span>\n    <\/span>\n<\/span>\n<\/h3>\n<div  class=\"qode-accordion-content \" style=\"padding: 35px 30px\">\n    <div class=\"qode-accordion-content-inner\">\n        [vc_column_text]\n<ul>\n \t<li>Nous consid\u00e9rons tr\u00e8s important le travail que la Ma\u00eetrise d\u00b4\u0153uvre du parcours de golf doit r\u00e9aliser, puisqu\u00b4elle est charg\u00e9 de diriger et de v\u00e9rifier que tout ce qui est en ex\u00e9cution correspond aux indications \u00e9tablies par le projet de construction. Nous r\u00e9alisons un suivi exhaustif du devis et des situations pour le contr\u00f4le correspondant des d\u00e9penses des travaux. <\/li>\n \t<li>Espinosa Golf Design a une \u00e9quipe d\u00b4ing\u00e9nierie aussi bien en bureau d\u00b4\u00e9tude que sur site ont un parfait contr\u00f4le du suivi des travaux. Ils v\u00e9rifient \u00e0 tout moment leur correcte ex\u00e9cution et ils assurent l\u00b4accomplissement tant des qualit\u00e9s \u00e9tablies dans le projet de construction que les temps et d\u00e9lais programm\u00e9s.<\/li>\n<\/ul>\n[\/vc_column_text]    <\/div>\n<\/div><h3 class=\"clearfix qode-title-holder\">\n<span class=\"qode-tab-title\">\n\t    <span class=\"qode-tab-title-inner\">\n        R\u00c9NOVATIONS    <\/span>\n<\/span>\n<span class=\"qode-accordion-mark\">\n    <span class=\"qode-accordion-mark-icon\">\n        <span class=\"icon_plus\"><\/span>\n        <span class=\"icon_minus-06\"><\/span>\n    <\/span>\n<\/span>\n<\/h3>\n<div  class=\"qode-accordion-content \" style=\"padding: 35px 30px\">\n    <div class=\"qode-accordion-content-inner\">\n        [vc_column_text]\n<ul>\n \t<li>Nous vous offrons notre exp\u00e9rience et notre \u00e9quipe de professionnels pour r\u00e9aliser une analyse et l\u00b4\u00e9tude pr\u00e9liminaire de l\u00b4\u00e9tat actuel de votre parcours de golf et vous proposer les am\u00e9liorations qui se peuvent optimiser le rendement et l\u00b4\u00e9valuation du m\u00eame.<\/li>\n \t<li>Espinosa Golf Design propose des solutions et des alternatives aux parcours et dessins actuels pour vous permettre d\u00b4am\u00e9liorer votre produit de la mani\u00e8re la plus \u00e9conomique possible. De nombreux golfs, par leur \u00e2ge ou leur mauvais dessin initial ont besoin des r\u00e9novations et d\u00b4am\u00e9liorations qui feront am\u00e9liorer consid\u00e9rablement l\u00b4\u00e9tat et la qualit\u00e9 du parcours de golf et par cons\u00e9quent les revenus et les comptes de r\u00e9sultat.<\/li>\n<\/ul>\n[\/vc_column_text]    <\/div>\n<\/div><\/div>[\/vc_column][\/vc_row]\n<\/section>","protected":false},"excerpt":{"rendered":"<p>[vc_row css_animation=&#8221;&#8221; row_type=&#8221;row&#8221; use_row_as_full_screen_section=&#8221;no&#8221; type=&#8221;grid&#8221; angled_section=&#8221;no&#8221; text_align=&#8221;left&#8221; background_image_as_pattern=&#8221;without_pattern&#8221; z_index=&#8221;&#8221; css=&#8221;.vc_custom_1520936957542{padding-top: 120px !important;padding-bottom: 100px !important;}&#8221;][vc_column offset=&#8221;vc_col-lg-4 vc_col-md-5&#8243;][vc_column_text] Services [\/vc_column_text][vc_separator type=&#8221;small&#8221; position=&#8221;left&#8221; color=&#8221;#2f6f81&#8243; thickness=&#8221;3&#8243; width=&#8221;36&#8243; up=&#8221;23&#8243;][vc_column_text] Les diff\u00e9rents services qu\u00b4offre Espinosa Golf Design pour votre projet de golf comprennent depuis la faisabilit\u00e9 du projet et la planification&#8230;<\/p>\n","protected":false},"author":1,"featured_media":0,"parent":0,"menu_order":0,"comment_status":"closed","ping_status":"closed","template":"full_width.php","meta":[],"translation":{"provider":"WPGlobus","version":"2.10.6","language":"fr","enabled_languages":["es","en","fr"],"languages":{"es":{"title":true,"content":true,"excerpt":false},"en":{"title":true,"content":true,"excerpt":false},"fr":{"title":true,"content":true,"excerpt":false}}},"_links":{"self":[{"href":"https:\/\/espinosagolfdesign.eu\/fr\/wp-json\/wp\/v2\/pages\/71"}],"collection":[{"href":"https:\/\/espinosagolfdesign.eu\/fr\/wp-json\/wp\/v2\/pages"}],"about":[{"href":"https:\/\/espinosagolfdesign.eu\/fr\/wp-json\/wp\/v2\/types\/page"}],"author":[{"embeddable":true,"href":"https:\/\/espinosagolfdesign.eu\/fr\/wp-json\/wp\/v2\/users\/1"}],"replies":[{"embeddable":true,"href":"https:\/\/espinosagolfdesign.eu\/fr\/wp-json\/wp\/v2\/comments?post=71"}],"version-history":[{"count":15,"href":"https:\/\/espinosagolfdesign.eu\/fr\/wp-json\/wp\/v2\/pages\/71\/revisions"}],"predecessor-version":[{"id":679,"href":"https:\/\/espinosagolfdesign.eu\/fr\/wp-json\/wp\/v2\/pages\/71\/revisions\/679"}],"wp:attachment":[{"href":"https:\/\/espinosagolfdesign.eu\/fr\/wp-json\/wp\/v2\/media?parent=71"}],"curies":[{"name":"wp","href":"https:\/\/api.w.org\/{rel}","templated":true}]}}