{"id":5,"date":"2018-03-12T11:36:53","date_gmt":"2018-03-12T11:36:53","guid":{"rendered":"https:\/\/bridge181.qodeinteractive.com\/?page_id=5"},"modified":"2023-02-21T17:48:00","modified_gmt":"2023-02-21T16:48:00","slug":"5-2-2","status":"publish","type":"page","link":"https:\/\/espinosagolfdesign.eu\/fr\/","title":{"rendered":""},"content":{"rendered":"<section class=\"wpb-content-wrapper\"><p>[vc_row css_animation=&#8221;&#8221; row_type=&#8221;row&#8221; use_row_as_full_screen_section=&#8221;no&#8221; type=&#8221;full_width&#8221; angled_section=&#8221;no&#8221; text_align=&#8221;left&#8221; background_image_as_pattern=&#8221;without_pattern&#8221;][vc_column][vc_column_text][\/vc_column_text][\/vc_column][\/vc_row][vc_row css_animation=&#8221;&#8221; row_type=&#8221;row&#8221; use_row_as_full_screen_section=&#8221;no&#8221; type=&#8221;full_width&#8221; angled_section=&#8221;no&#8221; text_align=&#8221;center&#8221; background_image_as_pattern=&#8221;without_pattern&#8221; z_index=&#8221;&#8221; css=&#8221;.vc_custom_1520868967488{padding-top: 76px !important;padding-bottom: 48px !important;}&#8221;][vc_column][vc_single_image image=&#8221;6&#8243; img_size=&#8221;full&#8221; alignment=&#8221;center&#8221; qode_css_animation=&#8221;&#8221;][vc_empty_space height=&#8221;19px&#8221;][vc_column_text]<\/p>\r\n<h1 style=\"text-align: center;\">Bienvenue \u00e0 Espinosa Golf Design<\/h1>\r\n<p>[\/vc_column_text][vc_separator type=&#8221;small&#8221; position=&#8221;center&#8221; color=&#8221;#2f6f81&#8243; up=&#8221;7&#8243; down=&#8221;28&#8243;][vc_column_text]<\/p>\r\n<h4 style=\"text-align: center;\">Espinosa Golf Design est une soci\u00e9t\u00e9 sp\u00e9cialis\u00e9e <strong> dans la r\u00e9alisation de dessins et de projets de parcours de golf. <\/strong><\/h4>\r\n<h4 style=\"text-align: center;\">\u00a0<\/h4>\r\n<p>[\/vc_column_text][\/vc_column][\/vc_row][vc_row css_animation=&#8221;&#8221; row_type=&#8221;row&#8221; use_row_as_full_screen_section=&#8221;no&#8221; type=&#8221;full_width&#8221; angled_section=&#8221;no&#8221; text_align=&#8221;left&#8221; background_image_as_pattern=&#8221;without_pattern&#8221;][vc_column][vc_column_text]<\/p>\r\n\r\n<p>[\/vc_column_text][\/vc_column][\/vc_row][vc_row css_animation=&#8221;&#8221; row_type=&#8221;row&#8221; use_row_as_full_screen_section=&#8221;no&#8221; type=&#8221;grid&#8221; angled_section=&#8221;no&#8221; text_align=&#8221;center&#8221; background_image_as_pattern=&#8221;without_pattern&#8221; z_index=&#8221;&#8221; css=&#8221;.vc_custom_1520870085389{padding-bottom: 110px !important;}&#8221;][vc_column css=&#8221;.vc_custom_1520931323397{padding-right: 10px !important;padding-bottom: 10px !important;padding-left: 10px !important;}&#8221; offset=&#8221;vc_col-md-4&#8243;][qode_elements_holder number_of_columns=&#8221;one_column&#8221;][qode_elements_holder_item advanced_animations=&#8221;no&#8221; background_color=&#8221;#ffffff&#8221; item_padding=&#8221;15px&#8221; custom_class=&#8221;eh-with-shadow&#8221;][vc_single_image image=&#8221;425&#8243; img_size=&#8221;full&#8221; alignment=&#8221;center&#8221; qode_css_animation=&#8221;&#8221;][vc_empty_space height=&#8221;37px&#8221;][vc_column_text]<\/p>\r\n<h3><a href=\"https:\/\/espinosagolfdesign.eu\/fr\/la-empresa\">Notre firme<\/a><\/h3>\r\n<p>[\/vc_column_text][vc_separator type=&#8221;small&#8221; position=&#8221;center&#8221; color=&#8221;#2f6f81&#8243; thickness=&#8221;3&#8243; width=&#8221;36&#8243; up=&#8221;15&#8243; down=&#8221;20&#8243;][vc_column_text]<\/p>\r\n<div style=\"padding: 0px 4%;\">Nous concevons des parcours de golf durables, int\u00e9gr\u00e9s sur le terrain et dans le plus grand respect de l&#8217;environnement.<\/div>\r\n<p>[\/vc_column_text][vc_empty_space height=&#8221;23px&#8221;][\/qode_elements_holder_item][\/qode_elements_holder][\/vc_column][vc_column css=&#8221;.vc_custom_1520931327487{padding-right: 10px !important;padding-bottom: 10px !important;padding-left: 10px !important;}&#8221; offset=&#8221;vc_col-md-4&#8243;][qode_elements_holder number_of_columns=&#8221;one_column&#8221;][qode_elements_holder_item advanced_animations=&#8221;no&#8221; background_color=&#8221;#ffffff&#8221; item_padding=&#8221;15px&#8221; custom_class=&#8221;eh-with-shadow&#8221;][vc_single_image image=&#8221;427&#8243; img_size=&#8221;full&#8221; alignment=&#8221;center&#8221; qode_css_animation=&#8221;&#8221;][vc_empty_space height=&#8221;37px&#8221;][vc_column_text]<\/p>\r\n<h3><a href=\"https:\/\/espinosagolfdesign.eu\/fr\/servicios\">Services<\/a><\/h3>\r\n<p>[\/vc_column_text][vc_separator type=&#8221;small&#8221; position=&#8221;center&#8221; color=&#8221;#2f6f81&#8243; thickness=&#8221;3&#8243; width=&#8221;36&#8243; up=&#8221;15&#8243; down=&#8221;20&#8243;][vc_column_text]<\/p>\r\n<div style=\"padding: 0px 4%;\">Conseils personnalis\u00e9s du Master Plan initial, du projet de conception et d&#8217;ex\u00e9cution \u00e0 la direction des travaux sur le terrain..<\/div>\r\n<p>[\/vc_column_text][vc_empty_space height=&#8221;23px&#8221;][\/qode_elements_holder_item][\/qode_elements_holder][\/vc_column][vc_column css=&#8221;.vc_custom_1520931331452{padding-right: 10px !important;padding-bottom: 10px !important;padding-left: 10px !important;}&#8221; offset=&#8221;vc_col-md-4&#8243;][qode_elements_holder number_of_columns=&#8221;one_column&#8221;][qode_elements_holder_item advanced_animations=&#8221;no&#8221; background_color=&#8221;#ffffff&#8221; item_padding=&#8221;15px&#8221; custom_class=&#8221;eh-with-shadow&#8221;][vc_single_image image=&#8221;426&#8243; img_size=&#8221;full&#8221; alignment=&#8221;center&#8221; qode_css_animation=&#8221;&#8221;][vc_empty_space height=&#8221;37px&#8221;][vc_column_text]<\/p>\r\n<h3><a href=\"https:\/\/espinosagolfdesign.eu\/fr\/proyectos\" target=\"_blank\" rel=\"noopener\">Projets<\/a><\/h3>\r\n<p>[\/vc_column_text][vc_separator type=&#8221;small&#8221; position=&#8221;center&#8221; color=&#8221;#2f6f81&#8243; thickness=&#8221;3&#8243; width=&#8221;36&#8243; up=&#8221;15&#8243; down=&#8221;20&#8243;][vc_column_text]<\/p>\r\n<div style=\"padding: 0px 4%;\">Chaque projet est cr\u00e9\u00e9 comme un chef-d\u00b4\u0153uvre unique et irrempla\u00e7able, qui sera ensuite mis en pratique avec .<\/div>\r\n<p>[\/vc_column_text][vc_empty_space height=&#8221;23px&#8221;][\/qode_elements_holder_item][\/qode_elements_holder][\/vc_column][\/vc_row][vc_row css_animation=&#8221;&#8221; row_type=&#8221;row&#8221; use_row_as_full_screen_section=&#8221;no&#8221; type=&#8221;full_width&#8221; angled_section=&#8221;no&#8221; text_align=&#8221;left&#8221; background_image_as_pattern=&#8221;without_pattern&#8221;][vc_column][vc_column_text]<\/p>\r\n\r\n<p>[\/vc_column_text][\/vc_column][\/vc_row][vc_row row_type=&#8221;parallax&#8221; parallax_content_width=&#8221;in_grid&#8221; text_align=&#8221;center&#8221; full_screen_section_height=&#8221;no&#8221; background_image=&#8221;451&#8243;][vc_column][qode_elements_holder number_of_columns=&#8221;one_column&#8221;][qode_elements_holder_item advanced_animations=&#8221;no&#8221; item_padding=&#8221;120px 24% 125px&#8221; item_padding_600_768=&#8221;120px 10% 125px&#8221; item_padding_480_600=&#8221;120px 0% 125px&#8221; item_padding_480=&#8221;120px 0% 125px&#8221;][vc_column_text]<\/p>\r\n<h2><span style=\"color: #ffffff;\">Avez-vous besoin de plus d\u2019informations?<\/span><\/h2>\r\n<p>[\/vc_column_text][vc_separator type=&#8221;small&#8221; position=&#8221;center&#8221; color=&#8221;#ffffff&#8221; thickness=&#8221;3&#8243; width=&#8221;36&#8243; up=&#8221;24&#8243; down=&#8221;35&#8243;]<a  itemprop=\"url\" href=\"espinosagolfdesign.eu\/fr\/contacto\" target=\"_self\"  class=\"qbutton  white default\" style=\"\">Contactez<\/a>[\/qode_elements_holder_item][\/qode_elements_holder][\/vc_column][\/vc_row][vc_row css_animation=&#8221;&#8221; row_type=&#8221;row&#8221; use_row_as_full_screen_section=&#8221;no&#8221; type=&#8221;full_width&#8221; angled_section=&#8221;no&#8221; text_align=&#8221;left&#8221; background_image_as_pattern=&#8221;without_pattern&#8221;][vc_column][vc_column_text]<\/p>\r\n\r\n<p>[\/vc_column_text][\/vc_column][\/vc_row][vc_row css_animation=&#8221;&#8221; row_type=&#8221;row&#8221; use_row_as_full_screen_section=&#8221;no&#8221; type=&#8221;full_width&#8221; angled_section=&#8221;no&#8221; text_align=&#8221;center&#8221; background_image_as_pattern=&#8221;without_pattern&#8221; z_index=&#8221;&#8221; css=&#8221;.vc_custom_1520868967488{padding-top: 76px !important;padding-bottom: 48px !important;}&#8221;][vc_column][vc_column_text]<\/p>\r\n<h1 style=\"text-align: center;\">Nos Designers<\/h1>\r\n<p>[\/vc_column_text][vc_separator type=&#8221;small&#8221; position=&#8221;center&#8221; color=&#8221;#2f6f81&#8243; up=&#8221;7&#8243; down=&#8221;10&#8243;][\/vc_column][\/vc_row][vc_row css_animation=&#8221;&#8221; row_type=&#8221;row&#8221; use_row_as_full_screen_section=&#8221;no&#8221; type=&#8221;full_width&#8221; angled_section=&#8221;no&#8221; text_align=&#8221;left&#8221; background_image_as_pattern=&#8221;without_pattern&#8221;][vc_column][vc_column_text]<\/p>\r\n\r\n<p>[\/vc_column_text][\/vc_column][\/vc_row][vc_row css_animation=&#8221;&#8221; row_type=&#8221;row&#8221; use_row_as_full_screen_section=&#8221;no&#8221; type=&#8221;grid&#8221; angled_section=&#8221;no&#8221; text_align=&#8221;left&#8221; background_image_as_pattern=&#8221;without_pattern&#8221; z_index=&#8221;&#8221;][vc_column width=&#8221;1\/2&#8243;][qode_elements_holder number_of_columns=&#8221;one_column&#8221;][qode_elements_holder_item advanced_animations=&#8221;no&#8221; background_color=&#8221;#ffffff&#8221; item_padding=&#8221;10px&#8221; custom_class=&#8221;eh-with-shadow&#8221;][vc_empty_space height=&#8221;37px&#8221;][vc_single_image image=&#8221;516&#8243; img_size=&#8221;full&#8221; alignment=&#8221;center&#8221; qode_css_animation=&#8221;&#8221;][vc_empty_space height=&#8221;37px&#8221;][vc_column_text]<\/p>\r\n<h3 style=\"text-align: center;\"><a href=\"https:\/\/espinosagolfdesign.eu\/fr\/disenadores\">Leopoldo Espinosa<\/a><\/h3>\r\n<p>[\/vc_column_text][vc_separator type=&#8221;small&#8221; position=&#8221;center&#8221; color=&#8221;#2f6f81&#8243; thickness=&#8221;3&#8243; width=&#8221;36&#8243; up=&#8221;15&#8243; down=&#8221;20&#8243;][vc_empty_space height=&#8221;23px&#8221;][\/qode_elements_holder_item][\/qode_elements_holder][vc_empty_space][\/vc_column][vc_column width=&#8221;1\/2&#8243;][qode_elements_holder number_of_columns=&#8221;one_column&#8221;][qode_elements_holder_item advanced_animations=&#8221;no&#8221; background_color=&#8221;#ffffff&#8221; item_padding=&#8221;10px&#8221; custom_class=&#8221;eh-with-shadow&#8221;][vc_empty_space height=&#8221;37px&#8221;][vc_single_image image=&#8221;508&#8243; img_size=&#8221;full&#8221; alignment=&#8221;center&#8221; qode_css_animation=&#8221;&#8221;][vc_empty_space height=&#8221;37px&#8221;][vc_column_text]<\/p>\r\n<h3 style=\"text-align: center;\"><a href=\"https:\/\/espinosagolfdesign.eu\/fr\/disenadores\">Luis Espinosa<\/a><\/h3>\r\n<p>[\/vc_column_text][vc_separator type=&#8221;small&#8221; position=&#8221;center&#8221; color=&#8221;#2f6f81&#8243; thickness=&#8221;3&#8243; width=&#8221;36&#8243; up=&#8221;15&#8243; down=&#8221;20&#8243;][vc_empty_space height=&#8221;23px&#8221;][\/qode_elements_holder_item][\/qode_elements_holder][vc_empty_space][\/vc_column][\/vc_row][vc_row css_animation=&#8221;&#8221; row_type=&#8221;row&#8221; use_row_as_full_screen_section=&#8221;no&#8221; type=&#8221;full_width&#8221; angled_section=&#8221;no&#8221; text_align=&#8221;left&#8221; background_image_as_pattern=&#8221;without_pattern&#8221;][vc_column][vc_column_text]<\/p>\r\n\r\n<p>[\/vc_column_text][\/vc_column][\/vc_row][vc_row css_animation=&#8221;&#8221; row_type=&#8221;row&#8221; use_row_as_full_screen_section=&#8221;no&#8221; type=&#8221;grid&#8221; angled_section=&#8221;no&#8221; text_align=&#8221;left&#8221; background_image_as_pattern=&#8221;without_pattern&#8221; background_color=&#8221;#ffffff&#8221; padding_top=&#8221;77&#8243; padding_bottom=&#8221;48&#8243;][vc_column width=&#8221;1\/3&#8243;][vc_separator type=&#8221;transparent&#8221; up=&#8221;12&#8243; down=&#8221;0&#8243;][vc_row_inner row_type=&#8221;row&#8221; type=&#8221;full_width&#8221; text_align=&#8221;right&#8221; css_animation=&#8221;&#8221;][vc_column_inner][vc_single_image image=&#8221;499&#8243; img_size=&#8221;full&#8221; alignment=&#8221;center&#8221; qode_css_animation=&#8221;element_from_left&#8221; transition_delay=&#8221;0.3&#8243;][vc_separator type=&#8221;transparent&#8221; up=&#8221;21&#8243; down=&#8221;0&#8243;][\/vc_column_inner][\/vc_row_inner][\/vc_column][vc_column width=&#8221;2\/3&#8243;][vc_separator type=&#8221;transparent&#8221; up=&#8221;12&#8243; down=&#8221;0&#8243;][vc_column_text]<\/p>\r\n<h1 style=\"text-align: left;\">Attach\u00e9 \u00e0 la durabilit\u00e9<\/h1>\r\n<p>[\/vc_column_text][vc_separator type=&#8221;small&#8221; position=&#8221;left&#8221; color=&#8221;#2f6f81&#8243; thickness=&#8221;3&#8243; up=&#8221;7&#8243; down=&#8221;38&#8243;][vc_column_text]Espinosa Golf Design a comme principale pr\u00e9misse le respect et la pr\u00e9servation de l\u00b4environnement, en dessinant des parcours de golf qui contribuent \u00e0 son d\u00e9veloppement durable. Nos travaux sont r\u00e9alis\u00e9s en parfaite harmonie avec la nature qui entoure le parcours de golf, afin de r\u00e9duire au possible les agressions \u00e9cologiques, [\/vc_column_text][vc_separator type=&#8221;transparent&#8221; up=&#8221;41&#8243; down=&#8221;0&#8243;][vc_row_inner row_type=&#8221;row&#8221; type=&#8221;full_width&#8221; text_align=&#8221;left&#8221; css_animation=&#8221;&#8221;][vc_column_inner width=&#8221;1\/2&#8243;]<div class='q_icon_with_title medium normal_icon '><div class=\"icon_holder q_icon_animation\" style=\" transition-delay: 700ms; -webkit-transition-delay: 700ms; -moz-transition-delay: 700ms; -o-transition-delay: 700ms;\"><span data-icon-type=\"normal\"   style=\"font-size: 28px;\" class=\"qode_iwt_icon_holder q_font_awsome_icon fa-3x  \"><i class=\"qode_icon_font_awesome fa fa-arrow-circle-right qode_iwt_icon_element\" style=\"color: #c0c0c0;\" ><\/i><\/span><\/div><div class=\"icon_text_holder\" style=\"\"><div class=\"icon_text_inner\" style=\"\"><h5 class=\"icon_title\" style=\"\">NOUS ADAPTONS LA CONCEPTION AU TERRAIN ORIGINAL<\/h5><p style=''><\/p><\/div><\/div><\/div><div class='q_icon_with_title medium normal_icon '><div class=\"icon_holder q_icon_animation\" style=\" transition-delay: 700ms; -webkit-transition-delay: 700ms; -moz-transition-delay: 700ms; -o-transition-delay: 700ms;\"><span data-icon-type=\"normal\"   style=\"font-size: 28px;\" class=\"qode_iwt_icon_holder q_font_awsome_icon fa-3x  \"><i class=\"qode_icon_font_awesome fa fa-arrow-circle-right qode_iwt_icon_element\" style=\"color: #c0c0c0;\" ><\/i><\/span><\/div><div class=\"icon_text_holder\" style=\"\"><div class=\"icon_text_inner\" style=\"\"><h5 class=\"icon_title\" style=\"\">UTILISATION EFFICACE DES RESSOURCES EN EAU<\/h5><p style=''><\/p><\/div><\/div><\/div>[\/vc_column_inner][vc_column_inner width=&#8221;1\/2&#8243;]<div class='q_icon_with_title medium normal_icon '><div class=\"icon_holder q_icon_animation\" style=\" transition-delay: 700ms; -webkit-transition-delay: 700ms; -moz-transition-delay: 700ms; -o-transition-delay: 700ms;\"><span data-icon-type=\"normal\"   style=\"font-size: 28px;\" class=\"qode_iwt_icon_holder q_font_awsome_icon fa-3x  \"><i class=\"qode_icon_font_awesome fa fa-arrow-circle-right qode_iwt_icon_element\" style=\"color: #c0c0c0;\" ><\/i><\/span><\/div><div class=\"icon_text_holder\" style=\"\"><div class=\"icon_text_inner\" style=\"\"><h5 class=\"icon_title\" style=\"\">RESPECT DE L'ENVIRONNEMENT<\/h5><p style=''><\/p><\/div><\/div><\/div><div class='q_icon_with_title medium normal_icon '><div class=\"icon_holder q_icon_animation\" style=\" transition-delay: 700ms; -webkit-transition-delay: 700ms; -moz-transition-delay: 700ms; -o-transition-delay: 700ms;\"><span data-icon-type=\"normal\"   style=\"font-size: 28px;\" class=\"qode_iwt_icon_holder q_font_awsome_icon fa-3x  \"><i class=\"qode_icon_font_awesome fa fa-arrow-circle-right qode_iwt_icon_element\" style=\"color: #c0c0c0;\" ><\/i><\/span><\/div><div class=\"icon_text_holder\" style=\"\"><div class=\"icon_text_inner\" style=\"\"><h5 class=\"icon_title\" style=\"\">PROJETS D'EX\u00c9CUTION DURABLES<\/h5><p style=''><\/p><\/div><\/div><\/div>[\/vc_column_inner][\/vc_row_inner][\/vc_column][\/vc_row][vc_row css_animation=&#8221;&#8221; row_type=&#8221;row&#8221; use_row_as_full_screen_section=&#8221;no&#8221; type=&#8221;full_width&#8221; angled_section=&#8221;no&#8221; text_align=&#8221;left&#8221; background_image_as_pattern=&#8221;without_pattern&#8221;][vc_column][vc_column_text]<\/p>\r\n\r\n<p>[\/vc_column_text][\/vc_column][\/vc_row][vc_row css_animation=&#8221;&#8221; row_type=&#8221;row&#8221; use_row_as_full_screen_section=&#8221;no&#8221; type=&#8221;grid&#8221; angled_section=&#8221;no&#8221; text_align=&#8221;left&#8221; background_image_as_pattern=&#8221;without_pattern&#8221; background_color=&#8221;#ffffff&#8221; padding_top=&#8221;87&#8243; padding_bottom=&#8221;0&#8243;][vc_column][vc_column_text]<\/p>\r\n<h1 style=\"text-align: center;\">Nos cliens<\/h1>\r\n<p>[\/vc_column_text][vc_separator type=&#8221;small&#8221; position=&#8221;center&#8221; color=&#8221;#2f6f81&#8243; up=&#8221;7&#8243; down=&#8221;38&#8243;][vc_empty_space height=&#8221;38px&#8221;]<div class='qode_carousels_holder clearfix'><div class='qode_carousels' data-number-of-visible-items=''><ul class='slides'><li class='item'><div class=\"carousel_item_holder\"><span class='first_image_holder has_hover_image'><img itemprop=\"image\" src=\"https:\/\/espinosagolfdesign.eu\/wp-content\/uploads\/2019\/02\/songual.png\" alt=\"carousel image\" \/><\/span><span class='second_image_holder has_hover_image'><img itemprop=\"image\" src=\"https:\/\/espinosagolfdesign.eu\/wp-content\/uploads\/2019\/02\/songual.png\" alt=\"carousel image\" \/><\/span><\/div><\/li><li class='item'><div class=\"carousel_item_holder\"><span class='first_image_holder has_hover_image'><img itemprop=\"image\" src=\"https:\/\/espinosagolfdesign.eu\/wp-content\/uploads\/2019\/02\/la-toja-2.png\" alt=\"carousel image\" \/><\/span><span class='second_image_holder has_hover_image'><img itemprop=\"image\" src=\"https:\/\/espinosagolfdesign.eu\/wp-content\/uploads\/2019\/02\/la-toja-2.png\" alt=\"carousel image\" \/><\/span><\/div><\/li><li class='item'><div class=\"carousel_item_holder\"><span class='first_image_holder has_hover_image'><img itemprop=\"image\" src=\"https:\/\/espinosagolfdesign.eu\/wp-content\/uploads\/2019\/02\/lamanga-club.png\" alt=\"carousel image\" \/><\/span><span class='second_image_holder has_hover_image'><img itemprop=\"image\" src=\"https:\/\/espinosagolfdesign.eu\/wp-content\/uploads\/2019\/02\/lamanga-club.png\" alt=\"carousel image\" \/><\/span><\/div><\/li><li class='item'><div class=\"carousel_item_holder\"><span class='first_image_holder has_hover_image'><img itemprop=\"image\" src=\"https:\/\/espinosagolfdesign.eu\/wp-content\/uploads\/2019\/02\/race.jpg\" alt=\"carousel image\" \/><\/span><span class='second_image_holder has_hover_image'><img itemprop=\"image\" src=\"https:\/\/espinosagolfdesign.eu\/wp-content\/uploads\/2019\/02\/race.jpg\" alt=\"carousel image\" \/><\/span><\/div><\/li><li class='item'><div class=\"carousel_item_holder\"><span class='first_image_holder has_hover_image'><img itemprop=\"image\" src=\"https:\/\/espinosagolfdesign.eu\/wp-content\/uploads\/2019\/02\/sonquint-1.png\" alt=\"carousel image\" \/><\/span><span class='second_image_holder has_hover_image'><img itemprop=\"image\" src=\"https:\/\/espinosagolfdesign.eu\/wp-content\/uploads\/2019\/02\/sonquint-1.png\" alt=\"carousel image\" \/><\/span><\/div><\/li><li class='item'><div class=\"carousel_item_holder\"><span class='first_image_holder has_hover_image'><img itemprop=\"image\" src=\"https:\/\/espinosagolfdesign.eu\/wp-content\/uploads\/2019\/02\/fontanals.png\" alt=\"carousel image\" \/><\/span><span class='second_image_holder has_hover_image'><img itemprop=\"image\" src=\"https:\/\/espinosagolfdesign.eu\/wp-content\/uploads\/2019\/02\/fontanals.png\" alt=\"carousel image\" \/><\/span><\/div><\/li><li class='item'><div class=\"carousel_item_holder\"><span class='first_image_holder has_hover_image'><img itemprop=\"image\" src=\"https:\/\/espinosagolfdesign.eu\/wp-content\/uploads\/2019\/02\/Mediterraneo-1.png\" alt=\"carousel image\" \/><\/span><span class='second_image_holder has_hover_image'><img itemprop=\"image\" src=\"https:\/\/espinosagolfdesign.eu\/wp-content\/uploads\/2019\/02\/Mediterraneo-1.png\" alt=\"carousel image\" \/><\/span><\/div><\/li><li class='item'><div class=\"carousel_item_holder\"><span class='first_image_holder has_hover_image'><img itemprop=\"image\" src=\"https:\/\/espinosagolfdesign.eu\/wp-content\/uploads\/2019\/02\/alboran.png\" alt=\"carousel image\" \/><\/span><span class='second_image_holder has_hover_image'><img itemprop=\"image\" src=\"https:\/\/espinosagolfdesign.eu\/wp-content\/uploads\/2019\/02\/alboran.png\" alt=\"carousel image\" \/><\/span><\/div><\/li><li class='item'><div class=\"carousel_item_holder\"><span class='first_image_holder has_hover_image'><img itemprop=\"image\" src=\"https:\/\/espinosagolfdesign.eu\/wp-content\/uploads\/2019\/02\/valdeluz-1.png\" alt=\"carousel image\" \/><\/span><span class='second_image_holder has_hover_image'><img itemprop=\"image\" src=\"https:\/\/espinosagolfdesign.eu\/wp-content\/uploads\/2019\/02\/valdeluz-1.png\" alt=\"carousel image\" \/><\/span><\/div><\/li><\/ul><\/div><\/div>[vc_empty_space height=&#8221;70px&#8221;][\/vc_column][\/vc_row][vc_row css_animation=&#8221;&#8221; row_type=&#8221;row&#8221; use_row_as_full_screen_section=&#8221;no&#8221; type=&#8221;full_width&#8221; angled_section=&#8221;no&#8221; text_align=&#8221;left&#8221; background_image_as_pattern=&#8221;without_pattern&#8221;][vc_column][vc_column_text]<\/p>\r\n\r\n<p><p>[\/vc_column_text][\/vc_column][\/vc_row][vc_row css_animation=&#8221;&#8221; row_type=&#8221;row&#8221; use_row_as_full_screen_section=&#8221;no&#8221; type=&#8221;full_width&#8221; angled_section=&#8221;no&#8221; text_align=&#8221;left&#8221; background_image_as_pattern=&#8221;without_pattern&#8221;][vc_column][vc_column_text] [\/vc_column_text][\/vc_column][\/vc_row][vc_row css_animation=&#8221;&#8221; row_type=&#8221;row&#8221; use_row_as_full_screen_section=&#8221;no&#8221; type=&#8221;full_width&#8221; angled_section=&#8221;no&#8221; text_align=&#8221;left&#8221; background_image_as_pattern=&#8221;without_pattern&#8221;][vc_column][vc_column_text]<\/p>\n<p>\n[\/vc_column_text][\/vc_column][\/vc_row]<\/p><\/section>","protected":false},"excerpt":{"rendered":"<p>[vc_row css_animation=&#8221;&#8221; row_type=&#8221;row&#8221; use_row_as_full_screen_section=&#8221;no&#8221; type=&#8221;full_width&#8221; angled_section=&#8221;no&#8221; text_align=&#8221;left&#8221; background_image_as_pattern=&#8221;without_pattern&#8221;][vc_column][vc_column_text][\/vc_column_text][\/vc_column][\/vc_row][vc_row css_animation=&#8221;&#8221; row_type=&#8221;row&#8221; use_row_as_full_screen_section=&#8221;no&#8221; type=&#8221;full_width&#8221; angled_section=&#8221;no&#8221; text_align=&#8221;center&#8221; background_image_as_pattern=&#8221;without_pattern&#8221; z_index=&#8221;&#8221; css=&#8221;.vc_custom_1520868967488{padding-top: 76px !important;padding-bottom: 48px !important;}&#8221;][vc_column][vc_single_image image=&#8221;6&#8243; img_size=&#8221;full&#8221; alignment=&#8221;center&#8221; qode_css_animation=&#8221;&#8221;][vc_empty_space height=&#8221;19px&#8221;][vc_column_text] Bienvenue \u00e0 Espinosa Golf Design [\/vc_column_text][vc_separator type=&#8221;small&#8221; position=&#8221;center&#8221; color=&#8221;#2f6f81&#8243; up=&#8221;7&#8243; down=&#8221;28&#8243;][vc_column_text] Espinosa Golf Design est une soci\u00e9t\u00e9 sp\u00e9cialis\u00e9e dans&#8230;<\/p>\n","protected":false},"author":2,"featured_media":0,"parent":0,"menu_order":0,"comment_status":"open","ping_status":"open","template":"full_width.php","meta":[],"translation":{"provider":"WPGlobus","version":"2.10.6","language":"fr","enabled_languages":["es","en","fr"],"languages":{"es":{"title":false,"content":true,"excerpt":false},"en":{"title":false,"content":true,"excerpt":false},"fr":{"title":false,"content":true,"excerpt":false}}},"_links":{"self":[{"href":"https:\/\/espinosagolfdesign.eu\/fr\/wp-json\/wp\/v2\/pages\/5"}],"collection":[{"href":"https:\/\/espinosagolfdesign.eu\/fr\/wp-json\/wp\/v2\/pages"}],"about":[{"href":"https:\/\/espinosagolfdesign.eu\/fr\/wp-json\/wp\/v2\/types\/page"}],"author":[{"embeddable":true,"href":"https:\/\/espinosagolfdesign.eu\/fr\/wp-json\/wp\/v2\/users\/2"}],"replies":[{"embeddable":true,"href":"https:\/\/espinosagolfdesign.eu\/fr\/wp-json\/wp\/v2\/comments?post=5"}],"version-history":[{"count":88,"href":"https:\/\/espinosagolfdesign.eu\/fr\/wp-json\/wp\/v2\/pages\/5\/revisions"}],"predecessor-version":[{"id":4601,"href":"https:\/\/espinosagolfdesign.eu\/fr\/wp-json\/wp\/v2\/pages\/5\/revisions\/4601"}],"wp:attachment":[{"href":"https:\/\/espinosagolfdesign.eu\/fr\/wp-json\/wp\/v2\/media?parent=5"}],"curies":[{"name":"wp","href":"https:\/\/api.w.org\/{rel}","templated":true}]}}