{"id":317,"date":"2019-02-07T10:35:30","date_gmt":"2019-02-07T10:35:30","guid":{"rendered":"https:\/\/espinosagolfdesign.eu\/?page_id=317"},"modified":"2022-12-15T02:52:57","modified_gmt":"2022-12-15T01:52:57","slug":"proyectos-2","status":"publish","type":"page","link":"https:\/\/espinosagolfdesign.eu\/fr\/proyectos-2","title":{"rendered":"Projets"},"content":{"rendered":"<section class=\"wpb-content-wrapper\"><p>[vc_row css_animation=&#8221;&#8221; row_type=&#8221;row&#8221; use_row_as_full_screen_section=&#8221;no&#8221; type=&#8221;grid&#8221; angled_section=&#8221;no&#8221; text_align=&#8221;left&#8221; background_image_as_pattern=&#8221;without_pattern&#8221; padding_top=&#8221;87&#8243; z_index=&#8221;&#8221;][vc_column][vc_column_text]<\/p>\n<h1 style=\"text-align: center;\">Dessins et projets r\u00e9alis\u00e9s<\/h1>\n<p>[\/vc_column_text][vc_separator type=&#8221;small&#8221; position=&#8221;center&#8221; color=&#8221;#2f6f81&#8243; thickness=&#8221;3&#8243; width=&#8221;36&#8243; up=&#8221;23&#8243;][vc_empty_space][\/vc_column][\/vc_row]<\/p>\n\n\n<p>[vc_row css_animation=&#8221;&#8221; row_type=&#8221;row&#8221; use_row_as_full_screen_section=&#8221;no&#8221; type=&#8221;grid&#8221; angled_section=&#8221;no&#8221; text_align=&#8221;left&#8221; background_image_as_pattern=&#8221;without_pattern&#8221; padding_bottom=&#8221;37&#8243; z_index=&#8221;&#8221;][vc_column width=&#8221;1\/3&#8243;][vc_column_text]<\/p>\n<h5>PARCOUR DE GOLF LA TOJA<br \/>\nCLUB DEPORTIVO BARBER\u00c1N<br \/>\nGRANADA CLUB DE GOLF<br \/>\nCLUB JARAMA R.A.C.E.\u201d<br \/>\nEL MEDITERRANEO<br \/>\nLOS MORISCOS CLUB DE GOLF<br \/>\nCAN BOSCH<br \/>\nGOLF D\u00b4ARO<br \/>\nCALDES INTERNATIONAL GOLF COURSE<br \/>\nLLAVANERAS<br \/>\nRIA DE VIGO<br \/>\nBONALBA<br \/>\nFONTANALS DE CERDANYA GOLF<br \/>\nESCUELA DE GOLF DEL MARESME<br \/>\nLES SERRES DE PALS<br \/>\nSCRATH<br \/>\nCIERRO GRANDE<br \/>\nLA FRESNEDA<br \/>\nSA VINYOLA<br \/>\nLOS ANGELES DE SAN RAFAEL<br \/>\nAUGUSTA GOLF CALATAYUD<br \/>\nPALACIO DEL NEGRALEJO<br \/>\nMARINA DE LA TORRE<br \/>\nLOS LAGOS<br \/>\nLAS REJAS BENIDORM<br \/>\nMAZARR\u00d3N COUNTRY CLUB<br \/>\nALMERIMAR<br \/>\nALBORAN GOLF<br \/>\nGOLF VALDELUZ<br \/>\nSON QUINT<br \/>\nURBAN GOLF RANILLAS<br \/>\nC. D. JUAN ANTONIO SAMARANCH<br \/>\nLA VALDENARRA DE BERCIAL<\/h5>\n<p>[\/vc_column_text][\/vc_column][vc_column width=&#8221;1\/3&#8243;][vc_column_text]<\/p>\n<h5>9 TROUS<br \/>\n9 TROUS<br \/>\n18 TROUS<br \/>\nRECORRIDO PAR 3<br \/>\n18 TROUS<br \/>\n9 TROUS<br \/>\n9 TROUS<br \/>\n18 TROUS<br \/>\n18 TROUS<br \/>\n9 TROUS<br \/>\n18 TROUS<br \/>\n18 TROUS<br \/>\n18 TROUS<br \/>\nPICHT AND PUTT DE 18 TROUS<br \/>\n18 TROUS<br \/>\n9 TROUS PAR 3<br \/>\n9 TROUS<br \/>\nGOLF RUSTICO DE 9 TROUS<br \/>\n18 TROUS<br \/>\n9 TROUS PAR 3<br \/>\n18 TROUS<br \/>\n9 TROUS<br \/>\n18 TROUS<br \/>\n9 TROUS<br \/>\n9 TROUS PAR 3<br \/>\n9 TROUS EXECUTIVE<br \/>\n9 TROUS<br \/>\n18 TROUS<br \/>\n18 TROUS<br \/>\n18 TROUS<br \/>\n9 TROUS PAR 3<br \/>\n9 TROUS PAR 3<br \/>\n9 TROUS<\/h5>\n<p>[\/vc_column_text][\/vc_column][vc_column width=&#8221;1\/3&#8243;][vc_column_text]<\/p>\n<h5>ISLA DE LA TOJA &#8211; PONTEVEDRA<br \/>\nCUATRO VIENTOS &#8211; MADRID<br \/>\nLAS GABIAS \u2013 GRANADA<br \/>\nMADRID<br \/>\nBORRIOL \u2013 CASTELLON<br \/>\nMOTRIL &#8211; GRANADA<br \/>\nHOSPITALET DE LLOBREGAT &#8211; GERONA<br \/>\nMAS NOU \u2013 GERONA<br \/>\nCALDES DE MONTBUI &#8211; BARCELONA<br \/>\nS. ANDR\u00c9S DE LLAVANERAS \u2013 BARCELONA<br \/>\nMOA\u00d1A \u2013 PONTEVEDRA<br \/>\nMUTXAMEL \u2013 ALICANTE<br \/>\nFONTANALS DE CERDANYA \u2013 GERONA<br \/>\nBARCELONA<br \/>\nPALS \u2013 GERONA<br \/>\nSAN SEBASTIAN DE LOS REYES \u2013 MADRID<br \/>\nASTURIAS<br \/>\nOVIEDO<br \/>\nPALMA DE MALLORCA<br \/>\nSEGOVIA<br \/>\nZARAGOZA<br \/>\nSAN FERNANDO DE HENARES \u2013 MADRID<br \/>\nALMERIA<br \/>\nZARAGOZA<br \/>\nBENIDORM \u2013 ALICANTE<br \/>\nMURCIA<br \/>\nEL EJIDO \u2013 ALMERIA<br \/>\nEL TOYO \u2013 ALMERIA<br \/>\nYEBES \u2013 GUADALAJARA<br \/>\nPALMA DE MALLORCA<br \/>\nZARAGOZA<br \/>\nCOLMENAR VIEJO- MADRID<br \/>\nBERCIAL-SEGOVIA<\/h5>\n<p>[\/vc_column_text][\/vc_column][\/vc_row]<\/p>\n\n\n<p>[vc_row css_animation=&#8221;&#8221; row_type=&#8221;row&#8221; use_row_as_full_screen_section=&#8221;no&#8221; type=&#8221;grid&#8221; angled_section=&#8221;no&#8221; text_align=&#8221;left&#8221; background_image_as_pattern=&#8221;without_pattern&#8221; padding_top=&#8221;87&#8243; z_index=&#8221;&#8221;][vc_column][vc_column_text]<\/p>\n<h1 style=\"text-align: center;\">Projets de travaux r\u00e9alis\u00e9s d\u00b4autres designers<\/h1>\n<p>[\/vc_column_text][vc_separator type=&#8221;small&#8221; position=&#8221;center&#8221; color=&#8221;#2f6f81&#8243; thickness=&#8221;3&#8243; width=&#8221;36&#8243; up=&#8221;23&#8243;][vc_empty_space][\/vc_column][\/vc_row]<\/p>\n\n\n<p>[vc_row css_animation=&#8221;&#8221; row_type=&#8221;row&#8221; use_row_as_full_screen_section=&#8221;no&#8221; type=&#8221;grid&#8221; angled_section=&#8221;no&#8221; text_align=&#8221;left&#8221; background_image_as_pattern=&#8221;without_pattern&#8221; padding_bottom=&#8221;37&#8243; z_index=&#8221;&#8221;][vc_column width=&#8221;1\/3&#8243;][vc_column_text]<\/p>\n<h5>LA MANGA<br \/>\nLAS LOMAS DEL BOSQUE<br \/>\nMASPALOMAS<br \/>\nVILLAMARTIN<br \/>\nSON GUAL<br \/>\nVILLAITANA GOLF<br \/>\nALMERIMAR<\/h5>\n<p>[\/vc_column_text][\/vc_column][vc_column width=&#8221;1\/3&#8243;][vc_column_text]<\/p>\n<h5>18 TROUS<br \/>\n27 TROUS<br \/>\n18 TROUS<br \/>\n18 TROUS<br \/>\n18 TROUS<br \/>\nPAISAJISMO 36 TROUS<br \/>\n18 TROUS<\/h5>\n<p>[\/vc_column_text][\/vc_column][vc_column width=&#8221;1\/3&#8243;][vc_column_text]<\/p>\n<h5>LOS BELONES \u2013 MURCIA<br \/>\nMADRID<br \/>\nLAS PALMAS DE GRAN CANARIA<br \/>\nTORREVIEJA \u2013 ALICANTE<br \/>\nPALMA DE MALLORCA<br \/>\nTERRA M\u00cdTICA, FINESTRAT \u2013 ALICANTE<br \/>\nEL EJIDO-ALMER\u00cdA<\/h5>\n<p>[\/vc_column_text][\/vc_column][\/vc_row]<\/p>\n\n\n<p>[vc_row css_animation=&#8221;&#8221; row_type=&#8221;row&#8221; use_row_as_full_screen_section=&#8221;no&#8221; type=&#8221;grid&#8221; angled_section=&#8221;no&#8221; text_align=&#8221;left&#8221; background_image_as_pattern=&#8221;without_pattern&#8221; padding_top=&#8221;87&#8243; z_index=&#8221;&#8221;][vc_column][vc_column_text]<\/p>\n<h1 style=\"text-align: center;\">Autres dessins et projets<\/h1>\n<p>[\/vc_column_text][vc_separator type=&#8221;small&#8221; position=&#8221;center&#8221; color=&#8221;#2f6f81&#8243; thickness=&#8221;3&#8243; width=&#8221;36&#8243; up=&#8221;23&#8243;][vc_empty_space][\/vc_column][\/vc_row]<\/p>\n\n\n<p>[vc_row css_animation=&#8221;&#8221; row_type=&#8221;row&#8221; use_row_as_full_screen_section=&#8221;no&#8221; type=&#8221;grid&#8221; angled_section=&#8221;no&#8221; text_align=&#8221;left&#8221; background_image_as_pattern=&#8221;without_pattern&#8221; padding_bottom=&#8221;87&#8243; z_index=&#8221;&#8221;][vc_column width=&#8221;1\/3&#8243;][vc_column_text]<\/p>\n<h5>COVARESA<br \/>\nIMPERIAL CLUB DE GOLF DE TOLEDO<br \/>\nGOLF DE POLLENSA<br \/>\nISLA DE CORTEGADA<br \/>\nCAMPODR\u00d3N<br \/>\nFONT PINEDA<br \/>\nALCOCEBER<br \/>\nGOLF DEL VALL\u00c9S<br \/>\nLA CALA DE FINESTRAT<br \/>\nCALAFELL<br \/>\nGOLF PLAYA EUROPA<br \/>\nSUREDA<br \/>\nBAH\u00cdA DE LA ROCA<br \/>\nSOMONTES<br \/>\nCLUB DE CAMPO DE MADRID<br \/>\nGOLF PLAYA DE LAS AM\u00c9RICAS<br \/>\nEL PLANTIO<br \/>\nLA TOJA<br \/>\nPUERTA DE CASTILLA<br \/>\nISLA DA BOEGA<br \/>\nESCUELA DE GOLF VILLA MERCEDES<br \/>\nESCUELA DE GOLF LA MORALEJA<br \/>\nSON FERRANDEL<br \/>\nLA ANTIGUA<br \/>\nCENTRO NACIONAL DE GOLF<br \/>\nMARINA D\u00b4OR<br \/>\nTERRAZAHAR<br \/>\nVALDIGNA<br \/>\nPE\u00d1ISCOLA<br \/>\nPUIG GOLF MAR<br \/>\nMAZARR\u00d3N COUNTRY CLUB<br \/>\nTOEN<br \/>\nDO\u00d1A BLANCA GOLF<br \/>\nVALLE DEL ROSARIO<br \/>\nANTAS GOLF<br \/>\nLOS PINAREJOS<br \/>\nBAH\u00cdA DE SAN MIGUEL<\/h5>\n<p>[\/vc_column_text][\/vc_column][vc_column width=&#8221;1\/3&#8243;][vc_column_text]<\/p>\n<h5>9 TROUS<br \/>\n18 TROUS<br \/>\n18 TROUS<br \/>\n9 TROUS<br \/>\n9 TROUS<br \/>\n18 TROUS<br \/>\n9 TROUS<br \/>\n18 TROUS + 9 TROUS PAR 3<br \/>\n9 TROUS<br \/>\n18 TROUS<br \/>\n18 TROUS<br \/>\n18 TROUS<br \/>\n9 TROUS<br \/>\n9 TROUS<br \/>\n9 TROUS<br \/>\n18 TROUS<br \/>\n18 TROUS + 9 TROUS PAR 3<br \/>\nAMPLIACI\u00d3N, 9 TROUS<br \/>\n54 TROUS<br \/>\n18 TROUS<br \/>\n18 TROUS PAR 3<br \/>\n18 TROUS PAR 3<br \/>\n18 TROUS<br \/>\n18 TROUS<br \/>\n18 TROUS<br \/>\n18 TROUS<br \/>\n18 TROUS<br \/>\n18 TROUS<br \/>\n18 TROUS<br \/>\n27 TROUS<br \/>\n9 TROUS<br \/>\n18 TROUS<br \/>\n18 TROUS<br \/>\n18 TROUS<br \/>\n18 TROUS<br \/>\n9 TROUS<br \/>\n36 TROUS + 9 TROUS PAR 3<\/h5>\n<p>[\/vc_column_text][\/vc_column][vc_column width=&#8221;1\/3&#8243;][vc_column_text]<\/p>\n<h5>VALLADOLID<br \/>\nTOLEDO<br \/>\nPOLLENSA- PALMA DE MALLORCA<br \/>\nPONTEVEDRA<br \/>\nGERONA<br \/>\nBARCELONA<br \/>\nCASTELL\u00d3N<br \/>\nPALAU DE PLEGAMANS-BARCELONA<br \/>\nBENIDORM-ALICANTE<br \/>\nBARCELONA<br \/>\nTARRAGONA<br \/>\nSANTA CRISTINA DE ARO &#8211; GERONA<br \/>\nLA L\u00cdNEA DE LA CONCEPCI\u00d3N &#8211; C\u00c1DIZ<br \/>\nMADRID<br \/>\nMADRID<br \/>\nLAS MA\u00c9RICAS &#8211; TENER\u00cdFE<br \/>\nALICANTE<br \/>\nPONTEVEDRA<br \/>\nCHILOECHES AZUQUECA- GUADALAJARA<br \/>\nVILA NOVA DE CERVERA\u2013 PORTUGAL<br \/>\nMADRID<br \/>\nMADRID<br \/>\nVALLDEMOSSA- MALLORCA<br \/>\nFUENTEVENTURA<br \/>\nMADRID<br \/>\nOROPESA &#8211; CASTELLON<br \/>\nBENICARL\u00d3 &#8211; CASTELLON<br \/>\nTAVERNES DE VALDIGNA \u2013 VALENCIA<br \/>\nCASTELLON<br \/>\nVALENCIA<br \/>\nMURCIA<br \/>\nTOEN &#8211; ORENSE<br \/>\nTORREBLANCA \u2013 CASTELL\u00d3N<br \/>\nVILLANUEVA DEL ROSARIO \u2013 M\u00c1LAGA<br \/>\nANTAS \u2013 ALMER\u00cdA.<br \/>\nMIRAFLORES DE LA SIERRA- MADRID<br \/>\nBAH\u00cdA DE SAN MIGUEL<\/h5>\n<p>[\/vc_column_text][\/vc_column][\/vc_row]<\/p>\n\n\n\n<p>[vc_row css_animation=&#8221;&#8221; row_type=&#8221;row&#8221; use_row_as_full_screen_section=&#8221;no&#8221; type=&#8221;full_width&#8221; angled_section=&#8221;no&#8221; text_align=&#8221;left&#8221; background_image_as_pattern=&#8221;without_pattern&#8221;][vc_column][vc_empty_space height=&#8221;15px&#8221;][\/vc_column][\/vc_row][vc_row css_animation=&#8221;&#8221; row_type=&#8221;row&#8221; use_row_as_full_screen_section=&#8221;no&#8221; type=&#8221;full_width&#8221; angled_section=&#8221;no&#8221; text_align=&#8221;center&#8221; background_image=&#8221;234&#8243; background_image_as_pattern=&#8221;without_pattern&#8221; z_index=&#8221;&#8221;][vc_column][vc_separator type=&#8221;transparent&#8221; up=&#8221;58&#8243; down=&#8221;75&#8243;][vc_row_inner row_type=&#8221;row&#8221; type=&#8221;full_width&#8221; text_align=&#8221;center&#8221; css_animation=&#8221;element_from_bottom&#8221; transition_delay=&#8221;0.2&#8243;][vc_column_inner]<div class=\"custom_font_holder\" style=\" font-size: 16px; line-height: 18px; font-style: normal; font-weight: 700; color: #ffffff; text-decoration: none; text-shadow: 1px 1px 2px rgba(0, 0, 0, 0.4); text-align: center;\">DOSSIER  ESPINOSA GOLF DESIGN PROJETS<\/div>[vc_separator type=&#8221;small&#8221; position=&#8221;center&#8221; color=&#8221;#ffffff&#8221; down=&#8221;35&#8243;]<div class=\"custom_font_holder\" style=\"font-family: raleway; font-size: 40px; line-height: 44px; font-style: normal; font-weight: 400; color: #ffffff; text-decoration: none; text-shadow: 1px 1px 2px rgba(0, 0, 0, 0.4); text-align: center;\">AVEZ-VOUS BESOIN DE PLUS D\u2019INFORMATIONS?<\/div>[vc_separator type=&#8221;transparent&#8221; up=&#8221;12&#8243; down=&#8221;25&#8243;]<a  itemprop=\"url\" href=\"https:\/\/espinosagolfdesign.eu\/wp-content\/uploads\/2019\/02\/Resumen-Disenos-y-Proyectos_Espinosa.pdf\" target=\"_self\" data-hover-background-color='#2f6f81' data-hover-border-color='#2f6f81'  class=\"qbutton  left default\" style=\"color: #ffffff; border-color: #ffffff; \">TELECHARGER LE PDF<\/a>[\/vc_column_inner][\/vc_row_inner][vc_separator type=&#8221;transparent&#8221; up=&#8221;79&#8243; down=&#8221;0&#8243;][\/vc_column][\/vc_row]<\/p>\n<\/section>","protected":false},"excerpt":{"rendered":"<p>[vc_row css_animation=&#8221;&#8221; row_type=&#8221;row&#8221; use_row_as_full_screen_section=&#8221;no&#8221; type=&#8221;full_width&#8221; angled_section=&#8221;no&#8221; text_align=&#8221;left&#8221; background_image_as_pattern=&#8221;without_pattern&#8221;][vc_column][vc_empty_space height=&#8221;15px&#8221;][\/vc_column][\/vc_row][vc_row css_animation=&#8221;&#8221; row_type=&#8221;row&#8221; use_row_as_full_screen_section=&#8221;no&#8221; type=&#8221;full_width&#8221; angled_section=&#8221;no&#8221; text_align=&#8221;center&#8221; background_image=&#8221;234&#8243; background_image_as_pattern=&#8221;without_pattern&#8221; z_index=&#8221;&#8221;][vc_column][vc_separator type=&#8221;transparent&#8221; up=&#8221;58&#8243; down=&#8221;75&#8243;][vc_row_inner row_type=&#8221;row&#8221; type=&#8221;full_width&#8221; text_align=&#8221;center&#8221; css_animation=&#8221;element_from_bottom&#8221; transition_delay=&#8221;0.2&#8243;][vc_column_inner][vc_separator type=&#8221;small&#8221; position=&#8221;center&#8221; color=&#8221;#ffffff&#8221; down=&#8221;35&#8243;][vc_separator type=&#8221;transparent&#8221; up=&#8221;12&#8243; down=&#8221;25&#8243;][\/vc_column_inner][\/vc_row_inner][vc_separator type=&#8221;transparent&#8221; up=&#8221;79&#8243; down=&#8221;0&#8243;][\/vc_column][\/vc_row]<\/p>\n","protected":false},"author":1,"featured_media":0,"parent":0,"menu_order":0,"comment_status":"closed","ping_status":"closed","template":"full_width.php","meta":[],"translation":{"provider":"WPGlobus","version":"2.10.6","language":"fr","enabled_languages":["es","en","fr"],"languages":{"es":{"title":true,"content":true,"excerpt":false},"en":{"title":true,"content":true,"excerpt":false},"fr":{"title":true,"content":true,"excerpt":false}}},"_links":{"self":[{"href":"https:\/\/espinosagolfdesign.eu\/fr\/wp-json\/wp\/v2\/pages\/317"}],"collection":[{"href":"https:\/\/espinosagolfdesign.eu\/fr\/wp-json\/wp\/v2\/pages"}],"about":[{"href":"https:\/\/espinosagolfdesign.eu\/fr\/wp-json\/wp\/v2\/types\/page"}],"author":[{"embeddable":true,"href":"https:\/\/espinosagolfdesign.eu\/fr\/wp-json\/wp\/v2\/users\/1"}],"replies":[{"embeddable":true,"href":"https:\/\/espinosagolfdesign.eu\/fr\/wp-json\/wp\/v2\/comments?post=317"}],"version-history":[{"count":29,"href":"https:\/\/espinosagolfdesign.eu\/fr\/wp-json\/wp\/v2\/pages\/317\/revisions"}],"predecessor-version":[{"id":616,"href":"https:\/\/espinosagolfdesign.eu\/fr\/wp-json\/wp\/v2\/pages\/317\/revisions\/616"}],"wp:attachment":[{"href":"https:\/\/espinosagolfdesign.eu\/fr\/wp-json\/wp\/v2\/media?parent=317"}],"curies":[{"name":"wp","href":"https:\/\/api.w.org\/{rel}","templated":true}]}}