{"id":280,"date":"2019-02-07T06:08:33","date_gmt":"2019-02-07T06:08:33","guid":{"rendered":"https:\/\/espinosagolfdesign.eu\/?page_id=280"},"modified":"2023-03-10T12:45:32","modified_gmt":"2023-03-10T11:45:32","slug":"disenadores","status":"publish","type":"page","link":"https:\/\/espinosagolfdesign.eu\/fr\/disenadores","title":{"rendered":"Architectes"},"content":{"rendered":"<section class=\"wpb-content-wrapper\"><p>[vc_row css_animation=&#8221;&#8221; row_type=&#8221;row&#8221; use_row_as_full_screen_section=&#8221;no&#8221; type=&#8221;grid&#8221; angled_section=&#8221;no&#8221; text_align=&#8221;left&#8221; background_image_as_pattern=&#8221;without_pattern&#8221; background_color=&#8221;#f5f5f5&#8243; border_color=&#8221;#f5f5f5&#8243; padding_top=&#8221;87&#8243; padding_bottom=&#8221;0&#8243; z_index=&#8221;&#8221;][vc_column width=&#8221;1\/6&#8243;][vc_empty_space height=&#8221;10px&#8221;][\/vc_column][vc_column width=&#8221;2\/3&#8243;][vc_empty_space height=&#8221;10px&#8221;][vc_column_text]<\/p>\r\n<h4 style=\"text-align: center;\">&#8220;Le moment o\u00f9 un architecte de parcours de golf est plac\u00e9 devant une carte topographique et demande \u00e0 ses id\u00e9es de commencer \u00e0 concevoir un nouveau parcours est vraiment passionnant&#8221;<\/h4>\r\n<p>&nbsp;<\/p>\r\n<h4 style=\"text-align: center;\"><strong>Ram\u00f3n Espinosa<\/strong>, fondateur d&#8217;Espinosa Golf Design<\/h4>\r\n<p>[\/vc_column_text][vc_empty_space height=&#8221;40px&#8221;][\/vc_column][vc_column width=&#8221;1\/6&#8243;][vc_empty_space height=&#8221;10px&#8221;][\/vc_column][\/vc_row][vc_row css_animation=&#8221;&#8221; row_type=&#8221;row&#8221; use_row_as_full_screen_section=&#8221;no&#8221; type=&#8221;grid&#8221; angled_section=&#8221;no&#8221; text_align=&#8221;left&#8221; background_image_as_pattern=&#8221;without_pattern&#8221; background_color=&#8221;#ffffff&#8221; padding_top=&#8221;95&#8243; padding_bottom=&#8221;0&#8243; z_index=&#8221;&#8221;][vc_column width=&#8221;1\/2&#8243;][vc_single_image image=&#8221;516&#8243; img_size=&#8221;full&#8221; alignment=&#8221;center&#8221; qode_css_animation=&#8221;element_from_right&#8221; transition_delay=&#8221;0.3&#8243;][vc_row_inner row_type=&#8221;row&#8221; use_as_box=&#8221;use_row_as_box&#8221; type=&#8221;full_width&#8221; text_align=&#8221;left&#8221; css_animation=&#8221;&#8221; padding_top=&#8221;0&#8243; padding_bottom=&#8221;28&#8243; padding=&#8221;0&#8243;][vc_column_inner][vc_separator type=&#8221;transparent&#8221; up=&#8221;17&#8243; down=&#8221;0&#8243;][vc_column_text]<\/p>\r\n<h3 style=\"text-align: center;\">LEOPOLDO ESPINOSA<\/h3>\r\n<p>[\/vc_column_text][vc_separator type=&#8221;transparent&#8221; up=&#8221;10&#8243; down=&#8221;0&#8243;][\/vc_column_inner][\/vc_row_inner][\/vc_column][vc_column width=&#8221;1\/2&#8243;][vc_single_image image=&#8221;508&#8243; img_size=&#8221;full&#8221; alignment=&#8221;center&#8221; qode_css_animation=&#8221;element_from_right&#8221; transition_delay=&#8221;0.3&#8243;][vc_row_inner row_type=&#8221;row&#8221; use_as_box=&#8221;use_row_as_box&#8221; type=&#8221;full_width&#8221; text_align=&#8221;left&#8221; css_animation=&#8221;&#8221; padding_top=&#8221;0&#8243; padding_bottom=&#8221;28&#8243; padding=&#8221;0&#8243;][vc_column_inner][vc_separator type=&#8221;transparent&#8221; up=&#8221;17&#8243; down=&#8221;0&#8243;][vc_column_text]<\/p>\r\n<h3 style=\"text-align: center;\">LUIS ESPINOSA<\/h3>\r\n<p>[\/vc_column_text][vc_separator type=&#8221;transparent&#8221; up=&#8221;10&#8243; down=&#8221;0&#8243;][\/vc_column_inner][\/vc_row_inner][\/vc_column][\/vc_row][vc_row css_animation=&#8221;&#8221; row_type=&#8221;row&#8221; use_row_as_full_screen_section=&#8221;no&#8221; type=&#8221;grid&#8221; angled_section=&#8221;no&#8221; text_align=&#8221;left&#8221; background_image_as_pattern=&#8221;without_pattern&#8221; background_color=&#8221;#ffffff&#8221; padding_top=&#8221;77&#8243; padding_bottom=&#8221;48&#8243; z_index=&#8221;&#8221;][vc_column width=&#8221;1\/3&#8243;][vc_row_inner row_type=&#8221;row&#8221; type=&#8221;full_width&#8221; text_align=&#8221;right&#8221; css_animation=&#8221;&#8221;][vc_column_inner][vc_single_image image=&#8221;4583&#8243; img_size=&#8221;full&#8221; alignment=&#8221;center&#8221; qode_css_animation=&#8221;element_from_left&#8221; transition_delay=&#8221;0.3&#8243;][vc_separator type=&#8221;transparent&#8221; up=&#8221;21&#8243; down=&#8221;0&#8243;][\/vc_column_inner][\/vc_row_inner][\/vc_column][vc_column width=&#8221;2\/3&#8243;][vc_column_text]<\/p>\r\n<h1>Leopoldo Espinosa<\/h1>\r\n<p>[\/vc_column_text][vc_separator type=&#8221;small&#8221; position=&#8221;left&#8221; color=&#8221;#2f6f81&#8243; up=&#8221;7&#8243; down=&#8221;38&#8243;][vc_row_inner row_type=&#8221;row&#8221; type=&#8221;full_width&#8221; text_align=&#8221;left&#8221; css_animation=&#8221;element_from_left&#8221;][vc_column_inner][vc_column_text]<\/p>\r\n<p><strong>Membre de l&#8217;EIGCA<\/strong> (European Institute of Golf Course Architects), Ing\u00e9nieur Agronome par l&#8217;Universit\u00e9 Polytechnique de Madrid et PDG de la prestigieuse IESE Business School. Leopoldo Espinosa a plus de 20 ans d&#8217;exp\u00e9rience dans l&#8217;industrie du golf.<\/p>\r\n<p>&nbsp;<\/p>\r\n<p>Leopoldo a travaill\u00e9 sur un grand nombre de conceptions et de projets de parcours de golf avec son p\u00e8re, Ram\u00f3n Espinosa. Sa collaboration quotidienne avec Ram\u00f3n Espinosa et l&#8217;extraordinaire exp\u00e9rience de travail dans la construction de parcours de golf avec des architectes de parcours\u00a0 de golf de prestige reconnu dans le monde entier tels que Jack Nicklaus, Kyle Philips, Cabell Robinson, Dave Thomas, David Williams et Severiano Ballesteros, ont positionn\u00e9 Leopoldo Espinosa dans une place privil\u00e9gi\u00e9e dans l&#8217;art de la conception de parcours de golf.<\/p>\r\n<p>[\/vc_column_text][\/vc_column_inner][\/vc_row_inner][\/vc_column][\/vc_row][vc_row css_animation=&#8221;&#8221; row_type=&#8221;row&#8221; use_row_as_full_screen_section=&#8221;no&#8221; type=&#8221;full_width&#8221; angled_section=&#8221;no&#8221; text_align=&#8221;left&#8221; background_image_as_pattern=&#8221;without_pattern&#8221;][vc_column][vc_column_text]<br \/><!-- \/wp:shortcode --><\/p>\r\n<p><!-- wp:shortcode --><br \/>[\/vc_column_text][\/vc_column][\/vc_row][vc_row css_animation=&#8221;&#8221; row_type=&#8221;row&#8221; use_row_as_full_screen_section=&#8221;no&#8221; type=&#8221;grid&#8221; angled_section=&#8221;no&#8221; text_align=&#8221;left&#8221; background_image_as_pattern=&#8221;without_pattern&#8221; background_color=&#8221;#ffffff&#8221; padding_top=&#8221;77&#8243; padding_bottom=&#8221;48&#8243;][vc_column width=&#8221;2\/3&#8243;][vc_separator type=&#8221;transparent&#8221; up=&#8221;12&#8243; down=&#8221;0&#8243;][vc_column_text]<\/p>\r\n<h1>Luis Espinosa<\/h1>\r\n<p>[\/vc_column_text][vc_separator type=&#8221;small&#8221; position=&#8221;left&#8221; color=&#8221;#2f6f81&#8243; up=&#8221;7&#8243; down=&#8221;38&#8243;][vc_column_text]<\/p>\r\n<p class=\"p1\">Ing\u00e9nieur sp\u00e9cialis\u00e9 par l\u00b4Universit\u00e9 de Rutgers (U.S.A.) en dessin et maintenance de parcours de golf ; professeur du Master en Gestion de parcours de golf de l\u00b4Universit\u00e9 EADE, \u00e0 M\u00e1laga (Spain) et de nombreux cours et concours de golf en collaboration avec les Universit\u00e9s de Castell\u00f3n et Valencia, en Espagne.<\/p>\r\n<p>Il a une exp\u00e9rience de 25 ans dans la construction et r\u00e9alisation de projets de parcours de golf, en travaillant avec de concepteurs de renom tels que Dave thomas, Nicklaus Design, Severiano Ballesteros et Bernard Langer, ou le m\u00eame Ram\u00f3n Espinosa.<\/p>\r\n<p>[\/vc_column_text][vc_separator type=&#8221;transparent&#8221; up=&#8221;41&#8243; down=&#8221;0&#8243;][\/vc_column][vc_column width=&#8221;1\/3&#8243;][vc_row_inner row_type=&#8221;row&#8221; type=&#8221;full_width&#8221; text_align=&#8221;right&#8221; css_animation=&#8221;&#8221;][vc_column_inner][vc_single_image image=&#8221;525&#8243; img_size=&#8221;full&#8221; alignment=&#8221;center&#8221; qode_css_animation=&#8221;element_from_left&#8221; transition_delay=&#8221;0.3&#8243;][vc_separator type=&#8221;transparent&#8221; up=&#8221;21&#8243; down=&#8221;0&#8243;][\/vc_column_inner][\/vc_row_inner][\/vc_column][\/vc_row][vc_row css_animation=&#8221;&#8221; row_type=&#8221;row&#8221; use_row_as_full_screen_section=&#8221;no&#8221; type=&#8221;full_width&#8221; angled_section=&#8221;no&#8221; text_align=&#8221;left&#8221; background_image_as_pattern=&#8221;without_pattern&#8221;][vc_column][vc_column_text]<br \/><!-- \/wp:shortcode --><\/p>\r\n<p><!-- wp:shortcode --><br \/>[\/vc_column_text][\/vc_column][\/vc_row][vc_row css_animation=&#8221;&#8221; row_type=&#8221;row&#8221; use_row_as_full_screen_section=&#8221;no&#8221; type=&#8221;full_width&#8221; angled_section=&#8221;no&#8221; text_align=&#8221;left&#8221; background_image_as_pattern=&#8221;without_pattern&#8221;][vc_column][vc_column_text]<br \/><!-- \/wp:shortcode --><\/p>\r\n<p><!-- wp:paragraph -->[\/vc_column_text][\/vc_column][\/vc_row][vc_row css_animation=&#8221;&#8221; row_type=&#8221;row&#8221; use_row_as_full_screen_section=&#8221;no&#8221; type=&#8221;grid&#8221; angled_section=&#8221;no&#8221; text_align=&#8221;center&#8221; background_image_as_pattern=&#8221;without_pattern&#8221; background_image=&#8221;233&#8243; z_index=&#8221;&#8221;][vc_column][vc_separator type=&#8221;transparent&#8221; up=&#8221;52&#8243; down=&#8221;0&#8243;][vc_row_inner row_type=&#8221;row&#8221; type=&#8221;full_width&#8221; text_align=&#8221;center&#8221; css_animation=&#8221;element_from_bottom&#8221; transition_delay=&#8221;0.2&#8243;][vc_column_inner]<div class=\"custom_font_holder\" style=\" font-size: 16px; line-height: 18px; font-style: normal; font-weight: 700; color: #ffffff; text-decoration: none; text-shadow: 1px 1px 2px rgba(0, 0, 0, 0.4); text-align: center;\">ESPINOSA GOLF DESIGN PROJETS<\/div>[vc_separator type=&#8221;small&#8221; position=&#8221;center&#8221; color=&#8221;#ffffff&#8221; down=&#8221;35&#8243;]<div class=\"custom_font_holder\" style=\"font-family: raleway; font-size: 40px; line-height: 44px; font-style: normal; font-weight: 400; color: #ffffff; text-decoration: none; text-shadow: 1px 1px 2px rgba(0, 0, 0, 0.4); text-align: center;\">CONNAISSEZ TOUTES NOS CONSTRUCTIONS<\/div>[vc_separator type=&#8221;transparent&#8221; up=&#8221;12&#8243; down=&#8221;25&#8243;]<a  itemprop=\"url\" href=\"https:\/\/espinosagolfdesign.eu\/fr\/proyectos\" target=\"_self\" data-hover-background-color='#2f6f81' data-hover-border-color='#2f6f81'  class=\"qbutton  left default\" style=\"color: #ffffff; border-color: #ffffff; \"><strong>PLUS D'INFORMATIONS<\/strong><\/a>[\/vc_column_inner][\/vc_row_inner][vc_separator type=&#8221;transparent&#8221; up=&#8221;79&#8243; down=&#8221;0&#8243;][\/vc_column][\/vc_row][vc_row css_animation=&#8221;&#8221; row_type=&#8221;row&#8221; use_row_as_full_screen_section=&#8221;no&#8221; type=&#8221;full_width&#8221; angled_section=&#8221;no&#8221; text_align=&#8221;left&#8221; background_image_as_pattern=&#8221;without_pattern&#8221;][vc_column][vc_column_text]<\/p>\r\n<p><!-- \/wp:paragraph -->[\/vc_column_text][\/vc_column][\/vc_row]<\/p><\/section>","protected":false},"excerpt":{"rendered":"<p>[vc_row css_animation=&#8221;&#8221; row_type=&#8221;row&#8221; use_row_as_full_screen_section=&#8221;no&#8221; type=&#8221;grid&#8221; angled_section=&#8221;no&#8221; text_align=&#8221;left&#8221; background_image_as_pattern=&#8221;without_pattern&#8221; background_color=&#8221;#f5f5f5&#8243; border_color=&#8221;#f5f5f5&#8243; padding_top=&#8221;87&#8243; padding_bottom=&#8221;0&#8243; z_index=&#8221;&#8221;][vc_column width=&#8221;1\/6&#8243;][vc_empty_space height=&#8221;10px&#8221;][\/vc_column][vc_column width=&#8221;2\/3&#8243;][vc_empty_space height=&#8221;10px&#8221;][vc_column_text] &#8220;Le moment o\u00f9 un architecte de parcours de golf est plac\u00e9 devant une carte topographique et demande \u00e0 ses id\u00e9es de commencer \u00e0 concevoir un nouveau parcours est&#8230;<\/p>\n","protected":false},"author":1,"featured_media":0,"parent":0,"menu_order":0,"comment_status":"closed","ping_status":"closed","template":"full_width.php","meta":[],"translation":{"provider":"WPGlobus","version":"2.10.6","language":"fr","enabled_languages":["es","en","fr"],"languages":{"es":{"title":true,"content":true,"excerpt":false},"en":{"title":true,"content":true,"excerpt":false},"fr":{"title":true,"content":true,"excerpt":false}}},"_links":{"self":[{"href":"https:\/\/espinosagolfdesign.eu\/fr\/wp-json\/wp\/v2\/pages\/280"}],"collection":[{"href":"https:\/\/espinosagolfdesign.eu\/fr\/wp-json\/wp\/v2\/pages"}],"about":[{"href":"https:\/\/espinosagolfdesign.eu\/fr\/wp-json\/wp\/v2\/types\/page"}],"author":[{"embeddable":true,"href":"https:\/\/espinosagolfdesign.eu\/fr\/wp-json\/wp\/v2\/users\/1"}],"replies":[{"embeddable":true,"href":"https:\/\/espinosagolfdesign.eu\/fr\/wp-json\/wp\/v2\/comments?post=280"}],"version-history":[{"count":89,"href":"https:\/\/espinosagolfdesign.eu\/fr\/wp-json\/wp\/v2\/pages\/280\/revisions"}],"predecessor-version":[{"id":4604,"href":"https:\/\/espinosagolfdesign.eu\/fr\/wp-json\/wp\/v2\/pages\/280\/revisions\/4604"}],"wp:attachment":[{"href":"https:\/\/espinosagolfdesign.eu\/fr\/wp-json\/wp\/v2\/media?parent=280"}],"curies":[{"name":"wp","href":"https:\/\/api.w.org\/{rel}","templated":true}]}}