{"id":107,"date":"2018-03-13T12:50:51","date_gmt":"2018-03-13T12:50:51","guid":{"rendered":"https:\/\/bridge181.qodeinteractive.com\/?page_id=107"},"modified":"2022-12-15T02:46:06","modified_gmt":"2022-12-15T01:46:06","slug":"nuestra-firma-2","status":"publish","type":"page","link":"https:\/\/espinosagolfdesign.eu\/fr\/nuestra-firma-2","title":{"rendered":"Notre firme"},"content":{"rendered":"<section class=\"wpb-content-wrapper\">\n[vc_row css_animation=&#8221;&#8221; row_type=&#8221;row&#8221; use_row_as_full_screen_section=&#8221;no&#8221; type=&#8221;full_width&#8221; angled_section=&#8221;no&#8221; text_align=&#8221;center&#8221; background_image_as_pattern=&#8221;without_pattern&#8221; z_index=&#8221;&#8221; css=&#8221;.vc_custom_1520868967488{padding-top: 76px !important;padding-bottom: 48px !important;}&#8221;][vc_column width=&#8221;1\/4&#8243;][vc_empty_space height=&#8221;19&#8243;][\/vc_column][vc_column width=&#8221;1\/2&#8243;][vc_empty_space height=&#8221;19px&#8221;][vc_column_text]\n<h1 style=\"text-align: center;\">Nous d\u00e9veloppons des projets uniques et irrempla\u00e7ables<\/h1>\n[\/vc_column_text][vc_separator type=&#8221;small&#8221; position=&#8221;center&#8221; color=&#8221;#2f6f81&#8243; up=&#8221;7&#8243; down=&#8221;38&#8243;][vc_column_text]\n<h4 class=\"p1\" style=\"text-align: center;\">Espinosa Golf Design est une firme sp\u00e9cialis\u00e9e dans la r\u00e9alisation de dessins et de projets de parcours de golf, avec une vaste exp\u00e9rience. <\/h4>\n[\/vc_column_text][vc_empty_space height=&#8221;54px&#8221;][vc_row_inner row_type=&#8221;row&#8221; type=&#8221;full_width&#8221; text_align=&#8221;left&#8221; css_animation=&#8221;&#8221;][vc_column_inner width=&#8221;1\/3&#8243;][vc_single_image image=&#8221;488&#8243; img_size=&#8221;full&#8221; alignment=&#8221;center&#8221; onclick=&#8221;link_image&#8221; qode_css_animation=&#8221;&#8221;][\/vc_column_inner][vc_column_inner width=&#8221;1\/3&#8243;][vc_single_image image=&#8221;489&#8243; img_size=&#8221;full&#8221; alignment=&#8221;center&#8221; onclick=&#8221;link_image&#8221; qode_css_animation=&#8221;&#8221;][\/vc_column_inner][vc_column_inner width=&#8221;1\/3&#8243;][vc_single_image image=&#8221;490&#8243; img_size=&#8221;full&#8221; alignment=&#8221;center&#8221; onclick=&#8221;link_image&#8221; qode_css_animation=&#8221;&#8221;][\/vc_column_inner][\/vc_row_inner][vc_empty_space][\/vc_column][vc_column width=&#8221;1\/4&#8243;][vc_empty_space height=&#8221;19px&#8221;][\/vc_column][\/vc_row]\n\n\n<p>[vc_row css_animation=&#8221;&#8221; row_type=&#8221;row&#8221; use_row_as_full_screen_section=&#8221;no&#8221; type=&#8221;grid&#8221; angled_section=&#8221;no&#8221; text_align=&#8221;left&#8221; background_image_as_pattern=&#8221;without_pattern&#8221; background_color=&#8221;#ffffff&#8221; border_color=&#8221;#ffffff&#8221; padding_top=&#8221;77&#8243; padding_bottom=&#8221;48&#8243; z_index=&#8221;&#8221;][vc_column width=&#8221;1\/2&#8243;][vc_separator type=&#8221;transparent&#8221; up=&#8221;12&#8243; down=&#8221;0&#8243;][vc_column_text]<\/p>\n<h1>L&#8217;art de cr\u00e9er un parcours de golf<\/h1>\n<p>[\/vc_column_text][vc_separator type=&#8221;small&#8221; position=&#8221;left&#8221; color=&#8221;#2f6f81&#8243; up=&#8221;7&#8243; down=&#8221;38&#8243;][vc_column_text]<\/p>\n<h4 class=\"p1\">Chaque projet est cr\u00e9\u00e9 comme un chef-d\u00b4\u0153uvre unique et irrempla\u00e7able, qui  sera ensuite mis en pratique avec son attentif et constant ma\u00eetrise d\u00b4\u0153uvre tout au long de l\u00b4ex\u00e9cution des travails.<\/h4>\n<p>[\/vc_column_text][\/vc_column][vc_column width=&#8221;1\/2&#8243;][vc_separator type=&#8221;transparent&#8221; up=&#8221;12&#8243; down=&#8221;0&#8243;][vc_single_image image=&#8221;257&#8243; img_size=&#8221;medium&#8221; alignment=&#8221;center&#8221; qode_css_animation=&#8221;element_from_left&#8221; transition_delay=&#8221;0.3&#8243;][vc_separator type=&#8221;transparent&#8221; up=&#8221;29&#8243; down=&#8221;0&#8243;][\/vc_column][\/vc_row]<\/p>\n\n\n<p>[vc_row css_animation=&#8221;&#8221; row_type=&#8221;row&#8221; use_row_as_full_screen_section=&#8221;no&#8221; type=&#8221;grid&#8221; angled_section=&#8221;no&#8221; text_align=&#8221;left&#8221; background_image_as_pattern=&#8221;without_pattern&#8221; background_color=&#8221;#f6f6f6&#8243; border_color=&#8221;#f6f6f6&#8243; padding_top=&#8221;77&#8243; padding_bottom=&#8221;48&#8243; z_index=&#8221;&#8221;][vc_column width=&#8221;1\/3&#8243;][vc_single_image image=&#8221;171&#8243; img_size=&#8221;medium&#8221; alignment=&#8221;center&#8221; qode_css_animation=&#8221;element_from_left&#8221; transition_delay=&#8221;0.3&#8243;][\/vc_column][vc_column width=&#8221;2\/3&#8243;][vc_column_text]<\/p>\n<h1>Pr\u00e9sident fondateur<\/h1>\n<p>[\/vc_column_text][vc_separator type=&#8221;small&#8221; position=&#8221;left&#8221; color=&#8221;#2f6f81&#8243; up=&#8221;7&#8243; down=&#8221;38&#8243;][vc_column_text]<\/p>\n<h4>Ram\u00f3n Espinosa, actuellement Senior Membre de l\u00b4E.I.G.C.A (Institut Europ\u00e9en de Golf Course Architects), pr\u00e9sident de l\u00b4E.S.G.A. (Soci\u00e9t\u00e9 Europ\u00e9enne de Golf Architects) pour les ann\u00e9es 1994 \u00e0 1998 et Docteur Ing\u00e9nieur Agronome par l\u00b4Universit\u00e9 Polytechnique de Madrid, a une exp\u00e9rience de plus de 45 ans dans la conception et la r\u00e9alisation de projets de<br \/>\nparcours de golf. .<\/h4>\n<p>[\/vc_column_text][\/vc_column][\/vc_row]<\/p>\n\n\n<p>[vc_row css_animation=&#8221;&#8221; row_type=&#8221;row&#8221; use_row_as_full_screen_section=&#8221;no&#8221; type=&#8221;grid&#8221; angled_section=&#8221;no&#8221; text_align=&#8221;left&#8221; background_image_as_pattern=&#8221;without_pattern&#8221; background_color=&#8221;#ffffff&#8221; padding_top=&#8221;77&#8243; padding_bottom=&#8221;48&#8243;][vc_column width=&#8221;1\/3&#8243;][vc_row_inner row_type=&#8221;row&#8221; type=&#8221;full_width&#8221; text_align=&#8221;right&#8221; css_animation=&#8221;&#8221;][vc_column_inner][vc_single_image image=&#8221;260&#8243; img_size=&#8221;full&#8221; alignment=&#8221;center&#8221; qode_css_animation=&#8221;element_from_left&#8221; transition_delay=&#8221;0.3&#8243;][vc_separator type=&#8221;transparent&#8221; up=&#8221;21&#8243; down=&#8221;0&#8243;][\/vc_column_inner][\/vc_row_inner][\/vc_column][vc_column width=&#8221;2\/3&#8243;][vc_column_text]<\/p>\n<h1 style=\"text-align: left;\">Projets multidisciplinaires<\/h1>\n<p>[\/vc_column_text][vc_separator type=&#8221;small&#8221; position=&#8221;left&#8221; color=&#8221;#2f6f81&#8243; up=&#8221;7&#8243; down=&#8221;38&#8243;][vc_column_text]<\/p>\n<h4 class=\"p1\">Quand on commence \u00e0 travailler sur un nouveau projet, on met en place toute l\u00b4exp\u00e9rience et les connaissances acquises pr\u00e9c\u00e9demment pour analyser et \u00e9tudier \u00e0 fond ledomaine que l\u00b4on veut transformer. Avant de commencer le dessin d\u00b4un parcours de golf, on doit tenir compte de nombreux facteurs pr\u00e9alables, comme la surface de la propri\u00e9t\u00e9, sa forme, la topographie, l\u00b4orientation des trous, le milieu qui l\u00b4entoure, sa fonctionnalit\u00e9 et la s\u00e9curit\u00e9 du parcours. Un bon dessin d\u00b4un parcours de golf doit encourager les joueurs \u00e0 revenir et refaire le parcours fr\u00e9quemment.<\/h4>\n<p>[\/vc_column_text][vc_separator type=&#8221;transparent&#8221; up=&#8221;41&#8243; down=&#8221;0&#8243;][\/vc_column][\/vc_row]<\/p>\n\n\n<p>[vc_row css_animation=&#8221;&#8221; row_type=&#8221;row&#8221; use_row_as_full_screen_section=&#8221;no&#8221; type=&#8221;grid&#8221; angled_section=&#8221;no&#8221; text_align=&#8221;left&#8221; background_image_as_pattern=&#8221;without_pattern&#8221; background_color=&#8221;#ffffff&#8221; padding_top=&#8221;67&#8243; padding_bottom=&#8221;0&#8243; z_index=&#8221;&#8221;][vc_column][vc_column_text]<\/p>\n<h1 style=\"text-align: center;\">Nos clients<\/h1>\n<p>[\/vc_column_text][vc_separator type=&#8221;small&#8221; position=&#8221;center&#8221; color=&#8221;#2f6f81&#8243; up=&#8221;7&#8243; down=&#8221;38&#8243;][vc_empty_space height=&#8221;38px&#8221;]<div class='qode_carousels_holder clearfix'><div class='qode_carousels' data-number-of-visible-items=''><ul class='slides'><li class='item'><div class=\"carousel_item_holder\"><span class='first_image_holder has_hover_image'><img itemprop=\"image\" src=\"https:\/\/espinosagolfdesign.eu\/wp-content\/uploads\/2019\/02\/songual.png\" alt=\"carousel image\" \/><\/span><span class='second_image_holder has_hover_image'><img itemprop=\"image\" src=\"https:\/\/espinosagolfdesign.eu\/wp-content\/uploads\/2019\/02\/songual.png\" alt=\"carousel image\" \/><\/span><\/div><\/li><li class='item'><div class=\"carousel_item_holder\"><span class='first_image_holder has_hover_image'><img itemprop=\"image\" src=\"https:\/\/espinosagolfdesign.eu\/wp-content\/uploads\/2019\/02\/la-toja-2.png\" alt=\"carousel image\" \/><\/span><span class='second_image_holder has_hover_image'><img itemprop=\"image\" src=\"https:\/\/espinosagolfdesign.eu\/wp-content\/uploads\/2019\/02\/la-toja-2.png\" alt=\"carousel image\" \/><\/span><\/div><\/li><li class='item'><div class=\"carousel_item_holder\"><span class='first_image_holder has_hover_image'><img itemprop=\"image\" src=\"https:\/\/espinosagolfdesign.eu\/wp-content\/uploads\/2019\/02\/lamanga-club.png\" alt=\"carousel image\" \/><\/span><span class='second_image_holder has_hover_image'><img itemprop=\"image\" src=\"https:\/\/espinosagolfdesign.eu\/wp-content\/uploads\/2019\/02\/lamanga-club.png\" alt=\"carousel image\" \/><\/span><\/div><\/li><li class='item'><div class=\"carousel_item_holder\"><span class='first_image_holder has_hover_image'><img itemprop=\"image\" src=\"https:\/\/espinosagolfdesign.eu\/wp-content\/uploads\/2019\/02\/race.jpg\" alt=\"carousel image\" \/><\/span><span class='second_image_holder has_hover_image'><img itemprop=\"image\" src=\"https:\/\/espinosagolfdesign.eu\/wp-content\/uploads\/2019\/02\/race.jpg\" alt=\"carousel image\" \/><\/span><\/div><\/li><li class='item'><div class=\"carousel_item_holder\"><span class='first_image_holder has_hover_image'><img itemprop=\"image\" src=\"https:\/\/espinosagolfdesign.eu\/wp-content\/uploads\/2019\/02\/sonquint-1.png\" alt=\"carousel image\" \/><\/span><span class='second_image_holder has_hover_image'><img itemprop=\"image\" src=\"https:\/\/espinosagolfdesign.eu\/wp-content\/uploads\/2019\/02\/sonquint-1.png\" alt=\"carousel image\" \/><\/span><\/div><\/li><li class='item'><div class=\"carousel_item_holder\"><span class='first_image_holder has_hover_image'><img itemprop=\"image\" src=\"https:\/\/espinosagolfdesign.eu\/wp-content\/uploads\/2019\/02\/fontanals.png\" alt=\"carousel image\" \/><\/span><span class='second_image_holder has_hover_image'><img itemprop=\"image\" src=\"https:\/\/espinosagolfdesign.eu\/wp-content\/uploads\/2019\/02\/fontanals.png\" alt=\"carousel image\" \/><\/span><\/div><\/li><li class='item'><div class=\"carousel_item_holder\"><span class='first_image_holder has_hover_image'><img itemprop=\"image\" src=\"https:\/\/espinosagolfdesign.eu\/wp-content\/uploads\/2019\/02\/Mediterraneo-1.png\" alt=\"carousel image\" \/><\/span><span class='second_image_holder has_hover_image'><img itemprop=\"image\" src=\"https:\/\/espinosagolfdesign.eu\/wp-content\/uploads\/2019\/02\/Mediterraneo-1.png\" alt=\"carousel image\" \/><\/span><\/div><\/li><li class='item'><div class=\"carousel_item_holder\"><span class='first_image_holder has_hover_image'><img itemprop=\"image\" src=\"https:\/\/espinosagolfdesign.eu\/wp-content\/uploads\/2019\/02\/alboran.png\" alt=\"carousel image\" \/><\/span><span class='second_image_holder has_hover_image'><img itemprop=\"image\" src=\"https:\/\/espinosagolfdesign.eu\/wp-content\/uploads\/2019\/02\/alboran.png\" alt=\"carousel image\" \/><\/span><\/div><\/li><li class='item'><div class=\"carousel_item_holder\"><span class='first_image_holder has_hover_image'><img itemprop=\"image\" src=\"https:\/\/espinosagolfdesign.eu\/wp-content\/uploads\/2019\/02\/valdeluz-1.png\" alt=\"carousel image\" \/><\/span><span class='second_image_holder has_hover_image'><img itemprop=\"image\" src=\"https:\/\/espinosagolfdesign.eu\/wp-content\/uploads\/2019\/02\/valdeluz-1.png\" alt=\"carousel image\" \/><\/span><\/div><\/li><\/ul><\/div><\/div>[vc_empty_space height=&#8221;70px&#8221;][\/vc_column][\/vc_row]<\/p>\n\n\n<p>[vc_row css_animation=&#8221;&#8221; row_type=&#8221;row&#8221; use_row_as_full_screen_section=&#8221;no&#8221; type=&#8221;full_width&#8221; angled_section=&#8221;no&#8221; text_align=&#8221;left&#8221; background_image_as_pattern=&#8221;without_pattern&#8221;][vc_column][vc_column_text]<\/p>\n<p>[\/vc_column_text][\/vc_column][\/vc_row]<\/p>\n<\/section>","protected":false},"excerpt":{"rendered":"<p>[vc_row css_animation=&#8221;&#8221; row_type=&#8221;row&#8221; use_row_as_full_screen_section=&#8221;no&#8221; type=&#8221;full_width&#8221; angled_section=&#8221;no&#8221; text_align=&#8221;center&#8221; background_image_as_pattern=&#8221;without_pattern&#8221; z_index=&#8221;&#8221; css=&#8221;.vc_custom_1520868967488{padding-top: 76px !important;padding-bottom: 48px !important;}&#8221;][vc_column width=&#8221;1\/4&#8243;][vc_empty_space height=&#8221;19&#8243;][\/vc_column][vc_column width=&#8221;1\/2&#8243;][vc_empty_space height=&#8221;19px&#8221;][vc_column_text] Nous d\u00e9veloppons des projets uniques et irrempla\u00e7ables [\/vc_column_text][vc_separator type=&#8221;small&#8221; position=&#8221;center&#8221; color=&#8221;#2f6f81&#8243; up=&#8221;7&#8243; down=&#8221;38&#8243;][vc_column_text] Espinosa Golf Design est une firme sp\u00e9cialis\u00e9e dans la r\u00e9alisation de dessins et de&#8230;<\/p>\n","protected":false},"author":1,"featured_media":0,"parent":0,"menu_order":0,"comment_status":"closed","ping_status":"closed","template":"full_width.php","meta":[],"translation":{"provider":"WPGlobus","version":"2.10.6","language":"fr","enabled_languages":["es","en","fr"],"languages":{"es":{"title":true,"content":true,"excerpt":false},"en":{"title":true,"content":true,"excerpt":false},"fr":{"title":true,"content":true,"excerpt":false}}},"_links":{"self":[{"href":"https:\/\/espinosagolfdesign.eu\/fr\/wp-json\/wp\/v2\/pages\/107"}],"collection":[{"href":"https:\/\/espinosagolfdesign.eu\/fr\/wp-json\/wp\/v2\/pages"}],"about":[{"href":"https:\/\/espinosagolfdesign.eu\/fr\/wp-json\/wp\/v2\/types\/page"}],"author":[{"embeddable":true,"href":"https:\/\/espinosagolfdesign.eu\/fr\/wp-json\/wp\/v2\/users\/1"}],"replies":[{"embeddable":true,"href":"https:\/\/espinosagolfdesign.eu\/fr\/wp-json\/wp\/v2\/comments?post=107"}],"version-history":[{"count":71,"href":"https:\/\/espinosagolfdesign.eu\/fr\/wp-json\/wp\/v2\/pages\/107\/revisions"}],"predecessor-version":[{"id":4571,"href":"https:\/\/espinosagolfdesign.eu\/fr\/wp-json\/wp\/v2\/pages\/107\/revisions\/4571"}],"wp:attachment":[{"href":"https:\/\/espinosagolfdesign.eu\/fr\/wp-json\/wp\/v2\/media?parent=107"}],"curies":[{"name":"wp","href":"https:\/\/api.w.org\/{rel}","templated":true}]}}