{"id":664,"date":"2019-02-24T07:51:38","date_gmt":"2019-02-24T07:51:38","guid":{"rendered":"https:\/\/espinosagolfdesign.eu\/?page_id=664"},"modified":"2019-02-24T08:03:43","modified_gmt":"2019-02-24T08:03:43","slug":"inicio","status":"publish","type":"page","link":"https:\/\/espinosagolfdesign.eu\/en\/inicio","title":{"rendered":"Home"},"content":{"rendered":"<section class=\"wpb-content-wrapper\"><p>[vc_row css_animation=&#8221;&#8221; row_type=&#8221;row&#8221; use_row_as_full_screen_section=&#8221;no&#8221; type=&#8221;full_width&#8221; angled_section=&#8221;no&#8221; text_align=&#8221;center&#8221; background_image_as_pattern=&#8221;without_pattern&#8221; z_index=&#8221;&#8221; css=&#8221;.vc_custom_1520868967488{padding-top: 76px !important;padding-bottom: 48px !important;}&#8221;][vc_column][vc_single_image image=&#8221;6&#8243; img_size=&#8221;full&#8221; alignment=&#8221;center&#8221; qode_css_animation=&#8221;&#8221;][vc_empty_space height=&#8221;19px&#8221;][vc_column_text]<\/p>\n<h1 style=\"text-align: center;\">Bienvenidos a Espinosa Golf Design<\/h1>\n<p>[\/vc_column_text][vc_separator type=&#8221;small&#8221; position=&#8221;center&#8221; color=&#8221;#2f6f81&#8243; up=&#8221;7&#8243; down=&#8221;28&#8243;][vc_column_text]<\/p>\n<h4 style=\"text-align: center;\">Espinosa Golf Design es una firma especializada<strong> en la realizaci\u00f3n de dise\u00f1os y proyectos de campos de golf.<\/strong><\/h4>\n<h4 style=\"text-align: center;\"><\/h4>\n<p>[\/vc_column_text][\/vc_column][\/vc_row][vc_row css_animation=&#8221;&#8221; row_type=&#8221;row&#8221; use_row_as_full_screen_section=&#8221;no&#8221; type=&#8221;grid&#8221; angled_section=&#8221;no&#8221; text_align=&#8221;center&#8221; background_image_as_pattern=&#8221;without_pattern&#8221; z_index=&#8221;&#8221; css=&#8221;.vc_custom_1520870085389{padding-bottom: 110px !important;}&#8221;][vc_column css=&#8221;.vc_custom_1520931323397{padding-right: 10px !important;padding-bottom: 10px !important;padding-left: 10px !important;}&#8221; offset=&#8221;vc_col-md-4&#8243;][qode_elements_holder number_of_columns=&#8221;one_column&#8221;][qode_elements_holder_item background_color=&#8221;#ffffff&#8221; item_padding=&#8221;15px&#8221; advanced_animations=&#8221;no&#8221; custom_class=&#8221;eh-with-shadow&#8221;][vc_single_image image=&#8221;425&#8243; img_size=&#8221;full&#8221; alignment=&#8221;center&#8221; qode_css_animation=&#8221;&#8221;][vc_empty_space height=&#8221;37px&#8221;][vc_column_text]<\/p>\n<h3><a href=\"https:\/\/espinosagolfdesign.eu\/la-empresa\">Nuestra firma<\/a><\/h3>\n<p>[\/vc_column_text][vc_separator type=&#8221;small&#8221; position=&#8221;center&#8221; color=&#8221;#2f6f81&#8243; thickness=&#8221;3&#8243; width=&#8221;36&#8243; up=&#8221;15&#8243; down=&#8221;20&#8243;][vc_column_text]<\/p>\n<div style=\"padding: 0px 4%;\">Dise\u00f1amos campos de golf sostenibles, integrados en el terreno y con el m\u00e1ximo respeto al medio ambiente.<\/div>\n<p>[\/vc_column_text][vc_empty_space height=&#8221;23px&#8221;][\/qode_elements_holder_item][\/qode_elements_holder][\/vc_column][vc_column css=&#8221;.vc_custom_1520931327487{padding-right: 10px !important;padding-bottom: 10px !important;padding-left: 10px !important;}&#8221; offset=&#8221;vc_col-md-4&#8243;][qode_elements_holder number_of_columns=&#8221;one_column&#8221;][qode_elements_holder_item background_color=&#8221;#ffffff&#8221; item_padding=&#8221;15px&#8221; advanced_animations=&#8221;no&#8221; custom_class=&#8221;eh-with-shadow&#8221;][vc_single_image image=&#8221;427&#8243; img_size=&#8221;full&#8221; alignment=&#8221;center&#8221; qode_css_animation=&#8221;&#8221;][vc_empty_space height=&#8221;37px&#8221;][vc_column_text]<\/p>\n<h3><a href=\"https:\/\/espinosagolfdesign.eu\/servicios\">Servicios<\/a><\/h3>\n<p>[\/vc_column_text][vc_separator type=&#8221;small&#8221; position=&#8221;center&#8221; color=&#8221;#2f6f81&#8243; thickness=&#8221;3&#8243; width=&#8221;36&#8243; up=&#8221;15&#8243; down=&#8221;20&#8243;][vc_column_text]<\/p>\n<div style=\"padding: 0px 4%;\">Asesoramiento personalizado desde el Master Plan inicial, Dise\u00f1o y Proyecto de Ejecuci\u00f3n, hasta la Direcci\u00f3n de las obras del campo.<\/div>\n<p>[\/vc_column_text][vc_empty_space height=&#8221;23px&#8221;][\/qode_elements_holder_item][\/qode_elements_holder][\/vc_column][vc_column css=&#8221;.vc_custom_1520931331452{padding-right: 10px !important;padding-bottom: 10px !important;padding-left: 10px !important;}&#8221; offset=&#8221;vc_col-md-4&#8243;][qode_elements_holder number_of_columns=&#8221;one_column&#8221;][qode_elements_holder_item background_color=&#8221;#ffffff&#8221; item_padding=&#8221;15px&#8221; advanced_animations=&#8221;no&#8221; custom_class=&#8221;eh-with-shadow&#8221;][vc_single_image image=&#8221;426&#8243; img_size=&#8221;full&#8221; alignment=&#8221;center&#8221; qode_css_animation=&#8221;&#8221;][vc_empty_space height=&#8221;37px&#8221;][vc_column_text]<\/p>\n<h3><a href=\"https:\/\/espinosagolfdesign.eu\/proyectos\" target=\"_blank\" rel=\"noopener\">Proyectos<\/a><\/h3>\n<p>[\/vc_column_text][vc_separator type=&#8221;small&#8221; position=&#8221;center&#8221; color=&#8221;#2f6f81&#8243; thickness=&#8221;3&#8243; width=&#8221;36&#8243; up=&#8221;15&#8243; down=&#8221;20&#8243;][vc_column_text]<\/p>\n<div style=\"padding: 0px 4%;\">Cada proyecto es una obra maestra, \u00fanica e irrepetible, tanto en el concepto como en la ejecuci\u00f3n.<\/div>\n<p>[\/vc_column_text][vc_empty_space height=&#8221;23px&#8221;][\/qode_elements_holder_item][\/qode_elements_holder][\/vc_column][\/vc_row][vc_row row_type=&#8221;parallax&#8221; parallax_content_width=&#8221;in_grid&#8221; text_align=&#8221;center&#8221; background_image=&#8221;451&#8243; full_screen_section_height=&#8221;no&#8221;][vc_column][qode_elements_holder number_of_columns=&#8221;one_column&#8221;][qode_elements_holder_item item_padding=&#8221;120px 24% 125px&#8221; advanced_animations=&#8221;no&#8221; item_padding_600_768=&#8221;120px 10% 125px&#8221; item_padding_480_600=&#8221;120px 0% 125px&#8221; item_padding_480=&#8221;120px 0% 125px&#8221;][vc_column_text]<\/p>\n<h2><span style=\"color: #ffffff;\">\u00bfQuieres recibir m\u00e1s informaci\u00f3n sobre nosotros?<\/span><\/h2>\n<p>[\/vc_column_text][vc_separator type=&#8221;small&#8221; position=&#8221;center&#8221; color=&#8221;#ffffff&#8221; thickness=&#8221;3&#8243; width=&#8221;36&#8243; up=&#8221;24&#8243; down=&#8221;35&#8243;]<a  itemprop=\"url\" href=\"espinosagolfdesign.eu\/contacto\" target=\"_self\"  class=\"qbutton  white default\" style=\"\">Contactar<\/a>[\/qode_elements_holder_item][\/qode_elements_holder][\/vc_column][\/vc_row][vc_row css_animation=&#8221;&#8221; row_type=&#8221;row&#8221; use_row_as_full_screen_section=&#8221;no&#8221; type=&#8221;full_width&#8221; angled_section=&#8221;no&#8221; text_align=&#8221;center&#8221; background_image_as_pattern=&#8221;without_pattern&#8221; z_index=&#8221;&#8221; css=&#8221;.vc_custom_1520868967488{padding-top: 76px !important;padding-bottom: 48px !important;}&#8221;][vc_column][vc_column_text]<\/p>\n<h1 style=\"text-align: center;\">Nuestros Dise\u00f1adores<\/h1>\n<p>[\/vc_column_text][vc_separator type=&#8221;small&#8221; position=&#8221;center&#8221; color=&#8221;#2f6f81&#8243; up=&#8221;7&#8243; down=&#8221;10&#8243;][\/vc_column][\/vc_row][vc_row css_animation=&#8221;&#8221; row_type=&#8221;row&#8221; use_row_as_full_screen_section=&#8221;no&#8221; type=&#8221;grid&#8221; angled_section=&#8221;no&#8221; text_align=&#8221;left&#8221; background_image_as_pattern=&#8221;without_pattern&#8221; z_index=&#8221;&#8221;][vc_column width=&#8221;1\/3&#8243;][qode_elements_holder number_of_columns=&#8221;one_column&#8221;][qode_elements_holder_item background_color=&#8221;#ffffff&#8221; item_padding=&#8221;10px&#8221; advanced_animations=&#8221;no&#8221; custom_class=&#8221;eh-with-shadow&#8221;][vc_empty_space height=&#8221;37px&#8221;][vc_single_image image=&#8221;314&#8243; img_size=&#8221;full&#8221; alignment=&#8221;center&#8221; qode_css_animation=&#8221;&#8221;][vc_empty_space height=&#8221;37px&#8221;][vc_column_text]<\/p>\n<h3 style=\"text-align: center;\"><a href=\"https:\/\/espinosagolfdesign.eu\/disenadores\">Ram\u00f3n Espinosa<\/a><\/h3>\n<p>[\/vc_column_text][vc_separator type=&#8221;small&#8221; position=&#8221;center&#8221; color=&#8221;#2f6f81&#8243; thickness=&#8221;3&#8243; width=&#8221;36&#8243; up=&#8221;15&#8243; down=&#8221;20&#8243;][vc_empty_space height=&#8221;23px&#8221;][\/qode_elements_holder_item][\/qode_elements_holder][vc_empty_space][\/vc_column][vc_column width=&#8221;1\/3&#8243;][qode_elements_holder number_of_columns=&#8221;one_column&#8221;][qode_elements_holder_item background_color=&#8221;#ffffff&#8221; item_padding=&#8221;10px&#8221; advanced_animations=&#8221;no&#8221; custom_class=&#8221;eh-with-shadow&#8221;][vc_empty_space height=&#8221;37px&#8221;][vc_single_image image=&#8221;508&#8243; img_size=&#8221;full&#8221; alignment=&#8221;center&#8221; qode_css_animation=&#8221;&#8221;][vc_empty_space height=&#8221;37px&#8221;][vc_column_text]<\/p>\n<h3 style=\"text-align: center;\"><a href=\"https:\/\/espinosagolfdesign.eu\/disenadores\">Luis Espinosa<\/a><\/h3>\n<p>[\/vc_column_text][vc_separator type=&#8221;small&#8221; position=&#8221;center&#8221; color=&#8221;#2f6f81&#8243; thickness=&#8221;3&#8243; width=&#8221;36&#8243; up=&#8221;15&#8243; down=&#8221;20&#8243;][vc_empty_space height=&#8221;23px&#8221;][\/qode_elements_holder_item][\/qode_elements_holder][vc_empty_space][\/vc_column][vc_column width=&#8221;1\/3&#8243;][qode_elements_holder number_of_columns=&#8221;one_column&#8221;][qode_elements_holder_item background_color=&#8221;#ffffff&#8221; item_padding=&#8221;10px&#8221; advanced_animations=&#8221;no&#8221; custom_class=&#8221;eh-with-shadow&#8221;][vc_empty_space height=&#8221;37px&#8221;][vc_single_image image=&#8221;516&#8243; img_size=&#8221;full&#8221; alignment=&#8221;center&#8221; qode_css_animation=&#8221;&#8221;][vc_empty_space height=&#8221;37px&#8221;][vc_column_text]<\/p>\n<h3 style=\"text-align: center;\"><a href=\"https:\/\/espinosagolfdesign.eu\/disenadores\">Leopoldo Espinosa<\/a><\/h3>\n<p>[\/vc_column_text][vc_separator type=&#8221;small&#8221; position=&#8221;center&#8221; color=&#8221;#2f6f81&#8243; thickness=&#8221;3&#8243; width=&#8221;36&#8243; up=&#8221;15&#8243; down=&#8221;20&#8243;][vc_empty_space height=&#8221;23px&#8221;][\/qode_elements_holder_item][\/qode_elements_holder][vc_empty_space][\/vc_column][\/vc_row][vc_row css_animation=&#8221;&#8221; row_type=&#8221;row&#8221; use_row_as_full_screen_section=&#8221;no&#8221; type=&#8221;grid&#8221; angled_section=&#8221;no&#8221; text_align=&#8221;left&#8221; background_image_as_pattern=&#8221;without_pattern&#8221; background_color=&#8221;#ffffff&#8221; padding_top=&#8221;77&#8243; padding_bottom=&#8221;48&#8243;][vc_column width=&#8221;1\/3&#8243;][vc_separator type=&#8221;transparent&#8221; up=&#8221;12&#8243; down=&#8221;0&#8243;][vc_row_inner row_type=&#8221;row&#8221; type=&#8221;full_width&#8221; text_align=&#8221;right&#8221; css_animation=&#8221;&#8221;][vc_column_inner][vc_single_image image=&#8221;499&#8243; img_size=&#8221;full&#8221; alignment=&#8221;center&#8221; qode_css_animation=&#8221;element_from_left&#8221; transition_delay=&#8221;0.3&#8243;][vc_separator type=&#8221;transparent&#8221; up=&#8221;21&#8243; down=&#8221;0&#8243;][\/vc_column_inner][\/vc_row_inner][\/vc_column][vc_column width=&#8221;2\/3&#8243;][vc_separator type=&#8221;transparent&#8221; up=&#8221;12&#8243; down=&#8221;0&#8243;][vc_column_text]<\/p>\n<h1 style=\"text-align: left;\">Dise\u00f1os sostenibles<\/h1>\n<p>[\/vc_column_text][vc_separator type=&#8221;small&#8221; position=&#8221;left&#8221; color=&#8221;#2f6f81&#8243; thickness=&#8221;3&#8243; up=&#8221;7&#8243; down=&#8221;38&#8243;][vc_column_text]Espinosa Golf Design dise\u00f1a los campos de golf en perfecta armon\u00eda con la naturaleza. Una de las principales premisas de Espinosa Golf Design es integrar cada campo de golf en el conjunto que lo rodea, respetando en todo momento el medio ambiente sin producir agresi\u00f3n al entorno que lo acoge, contribuyendo de esta manera a su desarrollo sostenible:[\/vc_column_text][vc_separator type=&#8221;transparent&#8221; up=&#8221;41&#8243; down=&#8221;0&#8243;][vc_row_inner row_type=&#8221;row&#8221; type=&#8221;full_width&#8221; text_align=&#8221;left&#8221; css_animation=&#8221;&#8221;][vc_column_inner width=&#8221;1\/2&#8243;]<div class='q_icon_with_title medium normal_icon '><div class=\"icon_holder q_icon_animation\" style=\" transition-delay: 700ms; -webkit-transition-delay: 700ms; -moz-transition-delay: 700ms; -o-transition-delay: 700ms;\"><span data-icon-type=\"normal\"   style=\"font-size: 28px;\" class=\"qode_iwt_icon_holder q_font_awsome_icon fa-3x  \"><i class=\"qode_icon_font_awesome fa fa-arrow-circle-right qode_iwt_icon_element\" style=\"color: #c0c0c0;\" ><\/i><\/span><\/div><div class=\"icon_text_holder\" style=\"\"><div class=\"icon_text_inner\" style=\"\"><h5 class=\"icon_title\" style=\"\">ADAPTAMOS EL DISE\u00d1O AL TERRENO ORIGINAL<\/h5><p style=''><\/p><\/div><\/div><\/div><div class='q_icon_with_title medium normal_icon '><div class=\"icon_holder q_icon_animation\" style=\" transition-delay: 700ms; -webkit-transition-delay: 700ms; -moz-transition-delay: 700ms; -o-transition-delay: 700ms;\"><span data-icon-type=\"normal\"   style=\"font-size: 28px;\" class=\"qode_iwt_icon_holder q_font_awsome_icon fa-3x  \"><i class=\"qode_icon_font_awesome fa fa-arrow-circle-right qode_iwt_icon_element\" style=\"color: #c0c0c0;\" ><\/i><\/span><\/div><div class=\"icon_text_holder\" style=\"\"><div class=\"icon_text_inner\" style=\"\"><h5 class=\"icon_title\" style=\"\">USO EFICIENTE DE LOS RECURSOS H\u00cdDRICOS<\/h5><p style=''><\/p><\/div><\/div><\/div>[\/vc_column_inner][vc_column_inner width=&#8221;1\/2&#8243;]<div class='q_icon_with_title medium normal_icon '><div class=\"icon_holder q_icon_animation\" style=\" transition-delay: 700ms; -webkit-transition-delay: 700ms; -moz-transition-delay: 700ms; -o-transition-delay: 700ms;\"><span data-icon-type=\"normal\"   style=\"font-size: 28px;\" class=\"qode_iwt_icon_holder q_font_awsome_icon fa-3x  \"><i class=\"qode_icon_font_awesome fa fa-arrow-circle-right qode_iwt_icon_element\" style=\"color: #c0c0c0;\" ><\/i><\/span><\/div><div class=\"icon_text_holder\" style=\"\"><div class=\"icon_text_inner\" style=\"\"><h5 class=\"icon_title\" style=\"\">RESPETO DEL MEDIO AMBIENTE<\/h5><p style=''><\/p><\/div><\/div><\/div><div class='q_icon_with_title medium normal_icon '><div class=\"icon_holder q_icon_animation\" style=\" transition-delay: 700ms; -webkit-transition-delay: 700ms; -moz-transition-delay: 700ms; -o-transition-delay: 700ms;\"><span data-icon-type=\"normal\"   style=\"font-size: 28px;\" class=\"qode_iwt_icon_holder q_font_awsome_icon fa-3x  \"><i class=\"qode_icon_font_awesome fa fa-arrow-circle-right qode_iwt_icon_element\" style=\"color: #c0c0c0;\" ><\/i><\/span><\/div><div class=\"icon_text_holder\" style=\"\"><div class=\"icon_text_inner\" style=\"\"><h5 class=\"icon_title\" style=\"\">PROYECTOS DE EJECUCION SOSTENIBLES<\/h5><p style=''><\/p><\/div><\/div><\/div>[\/vc_column_inner][\/vc_row_inner][\/vc_column][\/vc_row][vc_row css_animation=&#8221;&#8221; row_type=&#8221;row&#8221; use_row_as_full_screen_section=&#8221;no&#8221; type=&#8221;grid&#8221; angled_section=&#8221;no&#8221; text_align=&#8221;left&#8221; background_image_as_pattern=&#8221;without_pattern&#8221; background_color=&#8221;#ffffff&#8221; padding_top=&#8221;87&#8243; padding_bottom=&#8221;0&#8243;][vc_column][vc_column_text]<\/p>\n<h1 style=\"text-align: center;\">Nuestros clientes<\/h1>\n<p>[\/vc_column_text][vc_separator type=&#8221;small&#8221; position=&#8221;center&#8221; color=&#8221;#2f6f81&#8243; up=&#8221;7&#8243; down=&#8221;38&#8243;][vc_empty_space height=&#8221;38px&#8221;]<div class='qode_carousels_holder clearfix'><div class='qode_carousels' data-number-of-visible-items=''><ul class='slides'><li class='item'><div class=\"carousel_item_holder\"><span class='first_image_holder has_hover_image'><img itemprop=\"image\" src=\"https:\/\/espinosagolfdesign.eu\/wp-content\/uploads\/2019\/02\/songual.png\" alt=\"carousel image\" \/><\/span><span class='second_image_holder has_hover_image'><img itemprop=\"image\" src=\"https:\/\/espinosagolfdesign.eu\/wp-content\/uploads\/2019\/02\/songual.png\" alt=\"carousel image\" \/><\/span><\/div><\/li><li class='item'><div class=\"carousel_item_holder\"><span class='first_image_holder has_hover_image'><img itemprop=\"image\" src=\"https:\/\/espinosagolfdesign.eu\/wp-content\/uploads\/2019\/02\/la-toja-2.png\" alt=\"carousel image\" \/><\/span><span class='second_image_holder has_hover_image'><img itemprop=\"image\" src=\"https:\/\/espinosagolfdesign.eu\/wp-content\/uploads\/2019\/02\/la-toja-2.png\" alt=\"carousel image\" \/><\/span><\/div><\/li><li class='item'><div class=\"carousel_item_holder\"><span class='first_image_holder has_hover_image'><img itemprop=\"image\" src=\"https:\/\/espinosagolfdesign.eu\/wp-content\/uploads\/2019\/02\/lamanga-club.png\" alt=\"carousel image\" \/><\/span><span class='second_image_holder has_hover_image'><img itemprop=\"image\" src=\"https:\/\/espinosagolfdesign.eu\/wp-content\/uploads\/2019\/02\/lamanga-club.png\" alt=\"carousel image\" \/><\/span><\/div><\/li><li class='item'><div class=\"carousel_item_holder\"><span class='first_image_holder has_hover_image'><img itemprop=\"image\" src=\"https:\/\/espinosagolfdesign.eu\/wp-content\/uploads\/2019\/02\/race.jpg\" alt=\"carousel image\" \/><\/span><span class='second_image_holder has_hover_image'><img itemprop=\"image\" src=\"https:\/\/espinosagolfdesign.eu\/wp-content\/uploads\/2019\/02\/race.jpg\" alt=\"carousel image\" \/><\/span><\/div><\/li><li class='item'><div class=\"carousel_item_holder\"><span class='first_image_holder has_hover_image'><img itemprop=\"image\" src=\"https:\/\/espinosagolfdesign.eu\/wp-content\/uploads\/2019\/02\/sonquint-1.png\" alt=\"carousel image\" \/><\/span><span class='second_image_holder has_hover_image'><img itemprop=\"image\" src=\"https:\/\/espinosagolfdesign.eu\/wp-content\/uploads\/2019\/02\/sonquint-1.png\" alt=\"carousel image\" \/><\/span><\/div><\/li><li class='item'><div class=\"carousel_item_holder\"><span class='first_image_holder has_hover_image'><img itemprop=\"image\" src=\"https:\/\/espinosagolfdesign.eu\/wp-content\/uploads\/2019\/02\/fontanals.png\" alt=\"carousel image\" \/><\/span><span class='second_image_holder has_hover_image'><img itemprop=\"image\" src=\"https:\/\/espinosagolfdesign.eu\/wp-content\/uploads\/2019\/02\/fontanals.png\" alt=\"carousel image\" \/><\/span><\/div><\/li><li class='item'><div class=\"carousel_item_holder\"><span class='first_image_holder has_hover_image'><img itemprop=\"image\" src=\"https:\/\/espinosagolfdesign.eu\/wp-content\/uploads\/2019\/02\/Mediterraneo-1.png\" alt=\"carousel image\" \/><\/span><span class='second_image_holder has_hover_image'><img itemprop=\"image\" src=\"https:\/\/espinosagolfdesign.eu\/wp-content\/uploads\/2019\/02\/Mediterraneo-1.png\" alt=\"carousel image\" \/><\/span><\/div><\/li><li class='item'><div class=\"carousel_item_holder\"><span class='first_image_holder has_hover_image'><img itemprop=\"image\" src=\"https:\/\/espinosagolfdesign.eu\/wp-content\/uploads\/2019\/02\/alboran.png\" alt=\"carousel image\" \/><\/span><span class='second_image_holder has_hover_image'><img itemprop=\"image\" src=\"https:\/\/espinosagolfdesign.eu\/wp-content\/uploads\/2019\/02\/alboran.png\" alt=\"carousel image\" \/><\/span><\/div><\/li><li class='item'><div class=\"carousel_item_holder\"><span class='first_image_holder has_hover_image'><img itemprop=\"image\" src=\"https:\/\/espinosagolfdesign.eu\/wp-content\/uploads\/2019\/02\/valdeluz-1.png\" alt=\"carousel image\" \/><\/span><span class='second_image_holder has_hover_image'><img itemprop=\"image\" src=\"https:\/\/espinosagolfdesign.eu\/wp-content\/uploads\/2019\/02\/valdeluz-1.png\" alt=\"carousel image\" \/><\/span><\/div><\/li><\/ul><\/div><\/div>[vc_empty_space height=&#8221;70px&#8221;][\/vc_column][\/vc_row][vc_row css_animation=&#8221;&#8221; row_type=&#8221;row&#8221; use_row_as_full_screen_section=&#8221;no&#8221; type=&#8221;full_width&#8221; angled_section=&#8221;no&#8221; text_align=&#8221;left&#8221; background_image_as_pattern=&#8221;without_pattern&#8221;][vc_column][vc_column_text]<\/p>\n<p>[\/vc_column_text][\/vc_column][\/vc_row]<\/p>\n<\/section>","protected":false},"excerpt":{"rendered":"<p>[vc_row css_animation=&#8221;&#8221; row_type=&#8221;row&#8221; use_row_as_full_screen_section=&#8221;no&#8221; type=&#8221;full_width&#8221; angled_section=&#8221;no&#8221; text_align=&#8221;center&#8221; background_image_as_pattern=&#8221;without_pattern&#8221; z_index=&#8221;&#8221; css=&#8221;.vc_custom_1520868967488{padding-top: 76px !important;padding-bottom: 48px !important;}&#8221;][vc_column][vc_single_image image=&#8221;6&#8243; img_size=&#8221;full&#8221; alignment=&#8221;center&#8221; qode_css_animation=&#8221;&#8221;][vc_empty_space height=&#8221;19px&#8221;][vc_column_text] Bienvenidos a Espinosa Golf Design [\/vc_column_text][vc_separator type=&#8221;small&#8221; position=&#8221;center&#8221; color=&#8221;#2f6f81&#8243; up=&#8221;7&#8243; down=&#8221;28&#8243;][vc_column_text] Espinosa Golf Design es una firma especializada en la realizaci\u00f3n de dise\u00f1os y proyectos de&#8230;<\/p>\n","protected":false},"author":1,"featured_media":0,"parent":0,"menu_order":0,"comment_status":"closed","ping_status":"closed","template":"","meta":[],"translation":{"provider":"WPGlobus","version":"2.10.6","language":"en","enabled_languages":["es","en","fr"],"languages":{"es":{"title":true,"content":true,"excerpt":false},"en":{"title":false,"content":false,"excerpt":false},"fr":{"title":false,"content":false,"excerpt":false}}},"_links":{"self":[{"href":"https:\/\/espinosagolfdesign.eu\/en\/wp-json\/wp\/v2\/pages\/664"}],"collection":[{"href":"https:\/\/espinosagolfdesign.eu\/en\/wp-json\/wp\/v2\/pages"}],"about":[{"href":"https:\/\/espinosagolfdesign.eu\/en\/wp-json\/wp\/v2\/types\/page"}],"author":[{"embeddable":true,"href":"https:\/\/espinosagolfdesign.eu\/en\/wp-json\/wp\/v2\/users\/1"}],"replies":[{"embeddable":true,"href":"https:\/\/espinosagolfdesign.eu\/en\/wp-json\/wp\/v2\/comments?post=664"}],"version-history":[{"count":5,"href":"https:\/\/espinosagolfdesign.eu\/en\/wp-json\/wp\/v2\/pages\/664\/revisions"}],"predecessor-version":[{"id":672,"href":"https:\/\/espinosagolfdesign.eu\/en\/wp-json\/wp\/v2\/pages\/664\/revisions\/672"}],"wp:attachment":[{"href":"https:\/\/espinosagolfdesign.eu\/en\/wp-json\/wp\/v2\/media?parent=664"}],"curies":[{"name":"wp","href":"https:\/\/api.w.org\/{rel}","templated":true}]}}