{"id":334,"date":"2019-02-07T11:19:21","date_gmt":"2019-02-07T11:19:21","guid":{"rendered":"https:\/\/espinosagolfdesign.eu\/?page_id=334"},"modified":"2022-08-05T15:09:05","modified_gmt":"2022-08-05T15:09:05","slug":"aviso-legal-y-politica-de-privacidad","status":"publish","type":"page","link":"https:\/\/espinosagolfdesign.eu\/en\/aviso-legal-y-politica-de-privacidad","title":{"rendered":"Aviso Legal y Pol\u00edtica de Privacidad"},"content":{"rendered":"<section class=\"wpb-content-wrapper\"><p>[vc_row css_animation=&#8221;&#8221; row_type=&#8221;row&#8221; use_row_as_full_screen_section=&#8221;no&#8221; type=&#8221;grid&#8221; angled_section=&#8221;no&#8221; text_align=&#8221;left&#8221; background_image_as_pattern=&#8221;without_pattern&#8221; background_color=&#8221;#ffffff&#8221; padding_top=&#8221;87&#8243; padding_bottom=&#8221;95&#8243;][vc_column][vc_column_text]<\/p>\n<p><strong>1. Objeto y datos identificativos<\/strong><\/p>\n<p>Las presentes Condiciones Generales de Uso [Aviso Legal y Pol\u00edtica de Privacidad] tratan de regular la puesta a disposici\u00f3n de los usuarios de la informaci\u00f3n y los servicios que se proporcionan a trav\u00e9s del portal <a href=\"https:\/\/espinosagolfdesign.eu\" target=\"_blank\" rel=\"noopener\">www.espinosagolfdesign.eu<\/a>, propiedad de Garden Golf International, S.L., con C.I.F. B86827110, y domicilio en la Calle N\u00fa\u00f1ez de Balboa, n\u00ba 47, Madrid, 28001, inscrita en el Registro Mercantil de Madrid n\u00ba 2, Tomo 31.489 General, secci\u00f3n 8\u00aa del Libro de Sociedades, Folio 217, hoja M-566.831, Inscripci\u00f3n 1\u00aa. Direcci\u00f3n de correo electr\u00f3nico para contacto:\u00a0<a href=\"mailto:info@gardengolf.eu\" target=\"_blank\" rel=\"noopener\">info@espinosagolfdesign.eu<\/a>..<\/p>\n<p><strong>2. Usuarios<\/strong><\/p>\n<p>El acceso y\/o uso de este portal de <strong>Espinosa Golf Design<\/strong> atribuye la condici\u00f3n de usuario y conlleva, desde dicho acceso y\/o uso, la aceptaci\u00f3n plena y sin reservas de las presentes Condiciones Generales de Uso. Estas Condiciones ser\u00e1n de aplicaci\u00f3n independientemente de las Condiciones Generales de Contrataci\u00f3n que en su caso resulten de obligado cumplimiento. Salvo indicaci\u00f3n expresa en contrario, el acceso a la informaci\u00f3n mostrada en las p\u00e1ginas del sitio web es totalmente gratuito.<\/p>\n<p><strong>3.Uso del portal<\/strong><\/p>\n<p><a href=\"https:\/\/espinosagolfdesign.eu\" target=\"_blank\" rel=\"noopener\">www.espinosagolfdesign.eu<\/a>\u00a0proporciona el acceso a multitud de informaciones, servicios, programas o datos (en adelante, \u201clos contenidos\u201d) en Internet, pertenecientes a Garden Golf International, S.L. o a sus licenciantes, a los que el usuario puede tener acceso.<\/p>\n<p>El usuario asume la responsabilidad del uso del portal. Dicha responsabilidad se extiende al registro que fuese necesario para acceder a determinados servicios o contenidos. En dicho registro el usuario ser\u00e1 responsable de aportar informaci\u00f3n veraz y l\u00edcita. Como consecuencia de este registro, al usuario se le puede proporcionar una contrase\u00f1a de la que ser\u00e1 responsable, comprometi\u00e9ndose a hacer un uso diligente y confidencial de la misma.<\/p>\n<p>El usuario se compromete a hacer un uso adecuado de los contenidos y servicios (como, por ejemplo, servicios de chat, foros de discusi\u00f3n o grupos de noticias) que\u00a0<strong>Espinosa Golf Design<\/strong> ofrece a trav\u00e9s de su portal y con car\u00e1cter enunciativo, pero no limitativo, a no emplearlos para:<\/p>\n<ul>\n<li>incurrir en actividades il\u00edcitas, ilegales o contrarias a la buena fe y al orden p\u00fablico;<\/li>\n<li>difundir contenidos o propaganda de car\u00e1cter racista, xen\u00f3fobo, pornogr\u00e1fico-ilegal, de apolog\u00eda del terrorismo o atentatorio contra los derechos humanos;<\/li>\n<\/ul>\n<p>III. provocar da\u00f1os en los sistemas f\u00edsicos y l\u00f3gicos de\u00a0<strong>Espinosa Golf Design<\/strong>, de sus proveedores o de terceras personas, introducir o difundir en la red virus inform\u00e1ticos o cualesquiera otros sistemas f\u00edsicos o l\u00f3gicos que sean susceptibles de provocar los da\u00f1os anteriormente mencionados;<\/p>\n<ul>\n<li>intentar acceder y, en su caso, utilizar las cuentas de correo electr\u00f3nico de otros usuarios y modificar o manipular sus mensajes.<\/li>\n<\/ul>\n<p><strong>Espinosa Golf Design\u00a0<\/strong>se reserva el derecho de retirar todos aquellos comentarios y aportaciones que vulneren el respeto a la dignidad de la persona, que sean discriminatorios, xen\u00f3fobos, racistas, pornogr\u00e1ficos, que atenten contra la juventud o la infancia, el orden o la seguridad p\u00fablica o que, a su juicio, no resultaran adecuados para su publicaci\u00f3n. En cualquier caso, Garden &#038; Golf no ser\u00e1 responsable de las opiniones vertidas por los usuarios a trav\u00e9s de los foros, chats, u otras herramientas de participaci\u00f3n que pudieran contenerse en la web.<\/p>\n<p>Asimismo, el usuario se obliga a no utilizar el dise\u00f1o y el c\u00f3digo fuente de las p\u00e1ginas del portal con una finalidad contraria a la ley, la moral ni el orden p\u00fablico.<\/p>\n<p><strong>4. Protecci\u00f3n de datos<\/strong><\/p>\n<p>En cumplimiento del Cap\u00edtulo II de la ley 34\/2002, LSSICE, le informamos que la presente p\u00e1gina web es propiedad de Garden Golf International, S.L., domiciliada en en la Calle N\u00fa\u00f1ez de Balboa, n\u00ba 47, Madrid, 28001, inscrita en el Registro Mercantil de Madrid n\u00ba 2, Tomo 31.489 General, secci\u00f3n 8\u00aa del Libro de Sociedades, Folio 217, hoja M-566.831, Inscripci\u00f3n 1\u00aa. Direcci\u00f3n de correo electr\u00f3nico para contacto: <a href=\"mailto:info@gardengolf.eu\" target=\"_blank\" rel=\"noopener\">info@espinosagolfdesign.eu<\/a>.<\/p>\n<p>En\u00a0<strong>Espinosa Golf Design<\/strong> aplicamos las medidas de seguridad necesarias para evitar la alteraci\u00f3n, p\u00e9rdida, tratamiento o acceso no autorizado de los datos personales, habida cuenta en todo momento del estado de la tecnolog\u00eda, as\u00ed como para proteger sus datos y guardar total confidencialidad.<\/p>\n<p>De todas formas, el usuario debe ser consciente de que las medidas de seguridad en Internet no son inexpugnables.<\/p>\n<p>Somos respetuosos en todo caso con la voluntad de nuestros contactos en el tratamiento de su informaci\u00f3n.<\/p>\n<p>El usuario se hace responsable de la veracidad de la informaci\u00f3n que nos proporcione, as\u00ed como de su actualizaci\u00f3n.<\/p>\n<p>Igualmente ser\u00e1 responsable de cualquier da\u00f1o o perjuicio que pudiera derivarse como consecuencia de que los datos facilitados sean falsos, inexactos o no se encuentren actualizados.<\/p>\n<p>Tal como exige el Reglamento 2016\/679 General de Protecci\u00f3n de Datos de la Uni\u00f3n Europea (RGPD) le informamos de:<\/p>\n<p>Finalidad: s\u00f3lo solicitaremos la informaci\u00f3n imprescindible en cada momento para prestar nuestros servicios e informar de novedades y otros contenidos vinculados con nuestra especialidad que puedan ser del inter\u00e9s de nuestros clientes y contactos.<\/p>\n<p>Base leg\u00edtima del tratamiento: por consentimiento del interesado y no utilizaremos dichos datos personales para fines distintos.<\/p>\n<p>Tiempos de conservaci\u00f3n: los datos de las consultas y contactos que recibamos a trav\u00e9s de la web los conservaremos durante un tiempo m\u00e1ximo de seis meses ya que s\u00f3lo los utilizaremos para dar respuesta a la consulta.<\/p>\n<p>Destinatarios: no haremos cesi\u00f3n de datos en ning\u00fan caso a terceros ni se hacen transferencias internacionales de datos.<\/p>\n<p>Derechos de los usuarios: el usuario puede ejercer sus derechos de acceso, modificaci\u00f3n, supresi\u00f3n y oposici\u00f3n de sus datos en el correo electr\u00f3nico\u00a0<a href=\"mailto:info@gardengolf.eu\" target=\"_blank\" rel=\"noopener\">info@espinosagolfdesign.eu\u00a0<\/a>, as\u00ed como ejercitar los derechos de limitaci\u00f3n y portabilidad o mediante correo postal a la direcci\u00f3n arriba indicada.<\/p>\n<p>&nbsp;<\/p>\n<p><strong>5. Propiedad intelectual e industrial<\/strong><\/p>\n<p>Garden Golf International, S.L., por s\u00ed o como cesionaria, es titular de todos los derechos de propiedad intelectual e industrial de este portal, as\u00ed como de los elementos contenidos en el mismo (a t\u00edtulo enunciativo, im\u00e1genes, sonido, audio, v\u00eddeo, software o textos; marcas o logotipos, combinaciones de colores, estructura y dise\u00f1o, selecci\u00f3n de materiales usados, programas de ordenador necesarios para su funcionamiento, acceso y uso, etc.), titularidad de\u00a0<strong>Espinosa Golf Design<\/strong> o bien de sus licenciantes. Todos los derechos quedan reservados.<\/p>\n<p>En virtud de lo dispuesto en los art\u00edculos 17 a 21 del Real Decreto Legislativo 1\/1996, de 12 de abril, por el que se aprueba el Texto Refundido de la Ley de Propiedad Intelectual, quedan expresamente prohibidas la reproducci\u00f3n, la distribuci\u00f3n y la comunicaci\u00f3n p\u00fablica, incluida su modalidad de puesta a disposici\u00f3n, de la totalidad o parte de los contenidos de este portal, con fines comerciales, en cualquier soporte y por cualquier medio t\u00e9cnico, sin la autorizaci\u00f3n expresa de\u00a0<strong>Espinosa Golf Design<\/strong>. El usuario se compromete a respetar los derechos de Propiedad Intelectual e Industrial titularidad de Garden &#038; Golf.<\/p>\n<p>El usuario podr\u00e1 visualizar los elementos del portal e incluso imprimirlos, copiarlos y almacenarlos en el disco duro de su ordenador o en cualquier otro soporte f\u00edsico siempre y cuando sea, \u00fanica y exclusivamente, para su uso personal y privado. El usuario deber\u00e1 abstenerse de suprimir, alterar, eludir o manipular cualquier dispositivo de protecci\u00f3n o sistema de seguridad que estuviera instalado en el portal de\u00a0<strong>Espinosa Golf Design.<\/strong><\/p>\n<p>&nbsp;<\/p>\n<p><strong>6. Exclusi\u00f3n de garant\u00edas y responsabilidad<\/strong><\/p>\n<p><strong>Espinosa Golf Design\u00a0<\/strong>no garantiza la disponibilidad y continuidad del funcionamiento del portal y excluye cualquier tipo de responsabilidad por los da\u00f1os y perjuicios de toda naturaleza que puedan deberse a la falta de disponibilidad o de continuidad del funcionamiento del sitio o a la defraudaci\u00f3n de la utilidad que los usuarios hubieren podido atribuir al mismo. En particular, Garden &#038; Golf no asumir\u00e1 ning\u00fan tipo de responsabilidad por los posibles fallos en el acceso a las distintas p\u00e1ginas del portal de su propiedad.<\/p>\n<p><strong>Espinosa Golf Design\u00a0<\/strong>no garantiza la fiabilidad y utilidad de los contenidos del portal y excluye cualquier responsabilidad por los da\u00f1os y perjuicios de toda naturaleza que puedan deberse a la transmisi\u00f3n, difusi\u00f3n, almacenamiento, puesta a disposici\u00f3n, recepci\u00f3n, obtenci\u00f3n, acceso, o cualquier otra conducta an\u00e1loga o similar en relaci\u00f3n con los contenidos.<\/p>\n<p><strong>Espinosa Golf Design<\/strong> no garantiza la veracidad, exactitud, exhaustividad y actualidad de los contenidos del portal. Por tanto, rechaza cualquier tipo de responsabilidad por los da\u00f1os y perjuicios de toda naturaleza que puedan deberse a la falta de veracidad, exactitud, exhaustividad y\/o actualidad de tales contenidos.<\/p>\n<p>&nbsp;<\/p>\n<p><strong>7. Modificaciones en el portal<\/strong><\/p>\n<p><strong>Espinosa Golf Design<\/strong>\u00a0se reserva el derecho de efectuar sin previo aviso las modificaciones que considere oportunas en su portal, pudiendo cambiar, suprimir o a\u00f1adir tanto los contenidos y servicios que se presten a trav\u00e9s de la misma como la forma en la que \u00e9stos aparezcan presentados o localizados en su portal.<\/p>\n<p>&nbsp;<\/p>\n<p><strong>8. Sitios enlazados<\/strong><\/p>\n<p>El portal www.gardengolf.eu puede incluir dispositivos t\u00e9cnicos de enlace que permiten al usuario acceder a otras p\u00e1ginas y portales de Internet (en adelante, \u201csitios enlazados\u201d). En estos casos,\u00a0<strong>Espinosa Golf Design\u00a0<\/strong>act\u00faa como prestador de servicios de intermediaci\u00f3n de conformidad con el art\u00edculo 17 de la Ley 34\/2002, de 12 de julio, de Servicios de la Sociedad de la Informaci\u00f3n y el Comercio Electr\u00f3nico y s\u00f3lo ser\u00e1 responsable de los contenidos y servicios suministrados en los sitios enlazados en la medida en que tenga conocimiento efectivo de la ilicitud y no haya desactivado el enlace con la diligencia debida.<\/p>\n<p><strong>Espinosa Golf Design<\/strong> no conoce los contenidos y servicios de los sitios enlazados y, por tanto, no se hace responsable por los da\u00f1os producidos por la ilicitud, calidad, indisponibilidad, error e inutilidad de los sitios enlazados ni por cualquier otro da\u00f1o que no sea directamente imputable a Garden &#038; Golf.<\/p>\n<p>&nbsp;<\/p>\n<p><strong>9. Derecho de exclusi\u00f3n (resoluci\u00f3n del contrato)<\/strong><\/p>\n<p><strong>Espinosa Golf Design\u00a0<\/strong>se reserva el derecho a denegar o retirar el acceso a portal y\/o los servicios ofrecidos sin necesidad de preaviso, a instancia propia o de un tercero, a aquellos usuarios que incumplan las presentes Condiciones Generales de Uso.<\/p>\n<p>&nbsp;<\/p>\n<p><strong>10. Generalidades<\/strong><\/p>\n<p><strong>Espinosa Golf Design<\/strong> perseguir\u00e1 el incumplimiento de las presentes Condiciones, as\u00ed como cualquier utilizaci\u00f3n indebida de su portal ejerciendo todas las acciones civiles y penales que le puedan corresponder en derecho.<\/p>\n<p>&nbsp;<\/p>\n<p><strong>11. Duraci\u00f3n, validez y modificaci\u00f3n de las presentes Condiciones<\/strong><\/p>\n<p>La duraci\u00f3n de las presentes Condiciones para el uso de este sitio web tiene car\u00e1cter indefinido y permanecer\u00e1n vigentes mientras el portal est\u00e9 activo.<\/p>\n<p>El usuario reconoce haber le\u00eddo las presentes Condiciones, y presta su conformidad con el contenido de las mismas.<\/p>\n<p>Asimismo,\u00a0<strong>Espinosa Golf Design<\/strong> podr\u00e1 modificar el contenido de las presentes Condiciones en cualquier momento, con la finalidad de adecuarlas a futuros cambios legislativos o tecnol\u00f3gicos, o con cualquier otra finalidad l\u00edcita. Estas modificaciones se considerar\u00e1n que han sido eficazmente notificadas desde su publicaci\u00f3n en el portal, siendo v\u00e1lidas desde ese momento.<\/p>\n<p>&nbsp;<\/p>\n<p><strong>12. Legislaci\u00f3n aplicable y fuero<\/strong><\/p>\n<p>La relaci\u00f3n entre <strong>Espinosa Golf Design\u00a0<\/strong>y el usuario se regir\u00e1 por las presentes Condiciones Generales de Uso y por la normativa vigente en Espa\u00f1a.<\/p>\n<p>En caso de disputa o controversia relacionada con esta relaci\u00f3n, las partes se someten, con renuncia expresa a cualquier otro fuero, a los Juzgados y Tribunales de la ciudad de Madrid.[\/vc_column_text][\/vc_column][\/vc_row] <\/p>\n<p>It&#8217;s easy to be overwhelmed by all the assignments that you have to complete by the time limit. While <a href=\"https:\/\/opportunitydesk.org\/2022\/05\/18\/8-types-of-essay-writing-services\/\">type a essay<\/a> it&#8217;s tempting to look for a lower-cost paper writing service to complete your project for you but managing your work may be a challenge. Here are the most significant benefits when you use a low-cost essay writing services.<\/p>\n<\/section>","protected":false},"excerpt":{"rendered":"<p>[vc_row css_animation=&#8221;&#8221; row_type=&#8221;row&#8221; use_row_as_full_screen_section=&#8221;no&#8221; type=&#8221;grid&#8221; angled_section=&#8221;no&#8221; text_align=&#8221;left&#8221; background_image_as_pattern=&#8221;without_pattern&#8221; background_color=&#8221;#ffffff&#8221; padding_top=&#8221;87&#8243; padding_bottom=&#8221;95&#8243;][vc_column][vc_column_text] 1. Objeto y datos identificativos Las presentes Condiciones Generales de Uso [Aviso Legal y Pol\u00edtica de Privacidad] tratan de regular la puesta a disposici\u00f3n de los usuarios de la informaci\u00f3n y los servicios que&#8230;<\/p>\n","protected":false},"author":2,"featured_media":0,"parent":0,"menu_order":0,"comment_status":"open","ping_status":"open","template":"full_width.php","meta":[],"translation":{"provider":"WPGlobus","version":"2.10.6","language":"en","enabled_languages":["es","en","fr"],"languages":{"es":{"title":true,"content":true,"excerpt":false},"en":{"title":false,"content":false,"excerpt":false},"fr":{"title":false,"content":false,"excerpt":false}}},"_links":{"self":[{"href":"https:\/\/espinosagolfdesign.eu\/en\/wp-json\/wp\/v2\/pages\/334"}],"collection":[{"href":"https:\/\/espinosagolfdesign.eu\/en\/wp-json\/wp\/v2\/pages"}],"about":[{"href":"https:\/\/espinosagolfdesign.eu\/en\/wp-json\/wp\/v2\/types\/page"}],"author":[{"embeddable":true,"href":"https:\/\/espinosagolfdesign.eu\/en\/wp-json\/wp\/v2\/users\/2"}],"replies":[{"embeddable":true,"href":"https:\/\/espinosagolfdesign.eu\/en\/wp-json\/wp\/v2\/comments?post=334"}],"version-history":[{"count":3,"href":"https:\/\/espinosagolfdesign.eu\/en\/wp-json\/wp\/v2\/pages\/334\/revisions"}],"predecessor-version":[{"id":340,"href":"https:\/\/espinosagolfdesign.eu\/en\/wp-json\/wp\/v2\/pages\/334\/revisions\/340"}],"wp:attachment":[{"href":"https:\/\/espinosagolfdesign.eu\/en\/wp-json\/wp\/v2\/media?parent=334"}],"curies":[{"name":"wp","href":"https:\/\/api.w.org\/{rel}","templated":true}]}}