{"id":317,"date":"2019-02-07T10:35:30","date_gmt":"2019-02-07T10:35:30","guid":{"rendered":"https:\/\/espinosagolfdesign.eu\/?page_id=317"},"modified":"2022-12-15T02:52:57","modified_gmt":"2022-12-15T01:52:57","slug":"proyectos-2","status":"publish","type":"page","link":"https:\/\/espinosagolfdesign.eu\/en\/proyectos-2","title":{"rendered":"Projects"},"content":{"rendered":"<section class=\"wpb-content-wrapper\">\r\n[vc_row css_animation=&#8221;&#8221; row_type=&#8221;row&#8221; use_row_as_full_screen_section=&#8221;no&#8221; type=&#8221;grid&#8221; angled_section=&#8221;no&#8221; text_align=&#8221;left&#8221; background_image_as_pattern=&#8221;without_pattern&#8221; padding_top=&#8221;87&#8243; z_index=&#8221;&#8221;][vc_column][vc_column_text]\r\n<h1 style=\"text-align: center;\">Designs and projects of completed works<\/h1>\r\n[\/vc_column_text][vc_separator type=&#8221;small&#8221; position=&#8221;center&#8221; color=&#8221;#2f6f81&#8243; thickness=&#8221;3&#8243; width=&#8221;36&#8243; up=&#8221;23&#8243;][vc_empty_space][\/vc_column][\/vc_row]\r\n\r\n\r\n\r\n[vc_row css_animation=&#8221;&#8221; row_type=&#8221;row&#8221; use_row_as_full_screen_section=&#8221;no&#8221; type=&#8221;grid&#8221; angled_section=&#8221;no&#8221; text_align=&#8221;left&#8221; background_image_as_pattern=&#8221;without_pattern&#8221; padding_bottom=&#8221;37&#8243; z_index=&#8221;&#8221;][vc_column width=&#8221;1\/3&#8243;][vc_column_text]\r\n<h5>GOLF COURSE LA TOJA\r\nCLUB DEPORTIVO BARBER\u00c1N\r\nGRANADA CLUB DE GOLF\r\nCLUB JARAMA R.A.C.E.\u201d\r\nEL MEDITERRANEO\r\nLOS MORISCOS CLUB DE GOLF\r\nCAN BOSCH\r\nGOLF D\u00b4ARO\r\nCALDES INTERNATIONAL GOLF COURSE\r\nLLAVANERAS\r\nRIA DE VIGO\r\nBONALBA\r\nFONTANALS DE CERDANYA GOLF\r\nESCUELA DE GOLF DEL MARESME\r\nLES SERRES DE PALS\r\nSCRATH\r\nCIERRO GRANDE\r\nLA FRESNEDA\r\nSA VINYOLA\r\nLOS ANGELES DE SAN RAFAEL\r\nAUGUSTA GOLF CALATAYUD\r\nPALACIO DEL NEGRALEJO\r\nMARINA DE LA TORRE\r\nLOS LAGOS\r\nLAS REJAS BENIDORM\r\nMAZARR\u00d3N COUNTRY CLUB\r\nALMERIMAR\r\nALBORAN GOLF\r\nGOLF VALDELUZ\r\nSON QUINT\r\nURBAN GOLF RANILLAS\r\nC. D. JUAN ANTONIO SAMARANCH\r\nLA VALDENARRA DE BERCIAL<\/h5>\r\n[\/vc_column_text][\/vc_column][vc_column width=&#8221;1\/3&#8243;][vc_column_text]\r\n<h5>9 HOLES\r\n9 HOLES\r\n18 HOLES\r\nRECORRIDO PAR 3\r\n18 HOLES\r\n9 HOLES\r\n9 HOLES\r\n18 HOLES\r\n18 HOLES\r\n9 HOLES\r\n18 HOLES\r\n18 HOLES\r\n18 HOLES\r\nPICHT AND PUTT DE 18 HOLES\r\n18 HOLES\r\n9 HOLES PAR 3\r\n9 HOLES\r\nGOLF RUSTICO DE 9 HOLES\r\n18 HOLES\r\n9 HOLES PAR 3\r\n18 HOLES\r\n9 HOLES\r\n18 HOLES\r\n9 HOLES\r\n9 HOLES PAR 3\r\n9 HOLES EXECUTIVE\r\n9 HOLES\r\n18 HOLES\r\n18 HOLES\r\n18 HOLES\r\n9 HOLES PAR 3\r\n9 HOLES PAR 3\r\n9 HOLES<\/h5>\r\n[\/vc_column_text][\/vc_column][vc_column width=&#8221;1\/3&#8243;][vc_column_text]\r\n<h5>ISLA DE LA TOJA &#8211; PONTEVEDRA\r\nCUATRO VIENTOS &#8211; MADRID\r\nLAS GABIAS \u2013 GRANADA\r\nMADRID\r\nBORRIOL \u2013 CASTELLON\r\nMOTRIL &#8211; GRANADA\r\nHOSPITALET DE LLOBREGAT &#8211; GERONA\r\nMAS NOU \u2013 GERONA\r\nCALDES DE MONTBUI &#8211; BARCELONA\r\nS. ANDR\u00c9S DE LLAVANERAS \u2013 BARCELONA\r\nMOA\u00d1A \u2013 PONTEVEDRA\r\nMUTXAMEL \u2013 ALICANTE\r\nFONTANALS DE CERDANYA \u2013 GERONA\r\nBARCELONA\r\nPALS \u2013 GERONA\r\nSAN SEBASTIAN DE LOS REYES \u2013 MADRID\r\nASTURIAS\r\nOVIEDO\r\nPALMA DE MALLORCA\r\nSEGOVIA\r\nZARAGOZA\r\nSAN FERNANDO DE HENARES \u2013 MADRID\r\nALMERIA\r\nZARAGOZA\r\nBENIDORM \u2013 ALICANTE\r\nMURCIA\r\nEL EJIDO \u2013 ALMERIA\r\nEL TOYO \u2013 ALMERIA\r\nYEBES \u2013 GUADALAJARA\r\nPALMA DE MALLORCA\r\nZARAGOZA\r\nCOLMENAR VIEJO- MADRID\r\nBERCIAL-SEGOVIA<\/h5>\r\n[\/vc_column_text][\/vc_column][\/vc_row]\r\n\r\n\r\n\r\n[vc_row css_animation=&#8221;&#8221; row_type=&#8221;row&#8221; use_row_as_full_screen_section=&#8221;no&#8221; type=&#8221;grid&#8221; angled_section=&#8221;no&#8221; text_align=&#8221;left&#8221; background_image_as_pattern=&#8221;without_pattern&#8221; padding_top=&#8221;87&#8243; z_index=&#8221;&#8221;][vc_column][vc_column_text]\r\n<h1 style=\"text-align: center;\">Projects of completed works from other designers<\/h1>\r\n[\/vc_column_text][vc_separator type=&#8221;small&#8221; position=&#8221;center&#8221; color=&#8221;#2f6f81&#8243; thickness=&#8221;3&#8243; width=&#8221;36&#8243; up=&#8221;23&#8243;][vc_empty_space][\/vc_column][\/vc_row]\r\n\r\n\r\n\r\n[vc_row css_animation=&#8221;&#8221; row_type=&#8221;row&#8221; use_row_as_full_screen_section=&#8221;no&#8221; type=&#8221;grid&#8221; angled_section=&#8221;no&#8221; text_align=&#8221;left&#8221; background_image_as_pattern=&#8221;without_pattern&#8221; padding_bottom=&#8221;37&#8243; z_index=&#8221;&#8221;][vc_column width=&#8221;1\/3&#8243;][vc_column_text]\r\n<h5>LA MANGA\r\nLAS LOMAS DEL BOSQUE\r\nMASPALOMAS\r\nVILLAMARTIN\r\nSON GUAL\r\nVILLAITANA GOLF\r\nALMERIMAR<\/h5>\r\n[\/vc_column_text][\/vc_column][vc_column width=&#8221;1\/3&#8243;][vc_column_text]\r\n<h5>18 HOLES\r\n27 HOLES\r\n18 HOLES\r\n18 HOLES\r\n18 HOLES \r\nPAISAJISMO 36 HOLES \r\n18 HOLES<\/h5>\r\n[\/vc_column_text][\/vc_column][vc_column width=&#8221;1\/3&#8243;][vc_column_text]\r\n<h5>LOS BELONES \u2013 MURCIA\r\nMADRID\r\nLAS PALMAS DE GRAN CANARIA\r\nTORREVIEJA \u2013 ALICANTE\r\nPALMA DE MALLORCA\r\nTERRA M\u00cdTICA, FINESTRAT \u2013 ALICANTE\r\nEL EJIDO-ALMER\u00cdA<\/h5>\r\n[\/vc_column_text][\/vc_column][\/vc_row]\r\n\r\n\r\n\r\n[vc_row css_animation=&#8221;&#8221; row_type=&#8221;row&#8221; use_row_as_full_screen_section=&#8221;no&#8221; type=&#8221;grid&#8221; angled_section=&#8221;no&#8221; text_align=&#8221;left&#8221; background_image_as_pattern=&#8221;without_pattern&#8221; padding_top=&#8221;87&#8243; z_index=&#8221;&#8221;][vc_column][vc_column_text]\r\n<h1 style=\"text-align: center;\">Other designs and projects<\/h1>\r\n[\/vc_column_text][vc_separator type=&#8221;small&#8221; position=&#8221;center&#8221; color=&#8221;#2f6f81&#8243; thickness=&#8221;3&#8243; width=&#8221;36&#8243; up=&#8221;23&#8243;][vc_empty_space][\/vc_column][\/vc_row]\r\n\r\n\r\n\r\n[vc_row css_animation=&#8221;&#8221; row_type=&#8221;row&#8221; use_row_as_full_screen_section=&#8221;no&#8221; type=&#8221;grid&#8221; angled_section=&#8221;no&#8221; text_align=&#8221;left&#8221; background_image_as_pattern=&#8221;without_pattern&#8221; padding_bottom=&#8221;87&#8243; z_index=&#8221;&#8221;][vc_column width=&#8221;1\/3&#8243;][vc_column_text]\r\n<h5>COVARESA\r\nIMPERIAL CLUB DE GOLF DE TOLEDO\r\nGOLF DE POLLENSA\r\nISLA DE CORTEGADA\r\nCAMPODR\u00d3N\r\nFONT PINEDA\r\nALCOCEBER\r\nGOLF DEL VALL\u00c9S\r\nLA CALA DE FINESTRAT\r\nCALAFELL\r\nGOLF PLAYA EUROPA\r\nSUREDA\r\nBAH\u00cdA DE LA ROCA\r\nSOMONTES\r\nCLUB DE CAMPO DE MADRID\r\nGOLF PLAYA DE LAS AM\u00c9RICAS\r\nEL PLANTIO\r\nLA TOJA\r\nPUERTA DE CASTILLA\r\nISLA DA BOEGA\r\nESCUELA DE GOLF VILLA MERCEDES\r\nESCUELA DE GOLF LA MORALEJA\r\nSON FERRANDEL\r\nLA ANTIGUA\r\nCENTRO NACIONAL DE GOLF\r\nMARINA D\u00b4OR\r\nTERRAZAHAR\r\nVALDIGNA\r\nPE\u00d1ISCOLA\r\nPUIG GOLF MAR\r\nMAZARR\u00d3N COUNTRY CLUB\r\nTOEN\r\nDO\u00d1A BLANCA GOLF\r\nVALLE DEL ROSARIO\r\nANTAS GOLF\r\nLOS PINAREJOS\r\nBAH\u00cdA DE SAN MIGUEL<\/h5>\r\n[\/vc_column_text][\/vc_column][vc_column width=&#8221;1\/3&#8243;][vc_column_text]\r\n<h5>9 HOLES\r\n18 HOLES\r\n18 HOLES\r\n9 HOLES\r\n9 HOLES\r\n18 HOLES\r\n9 HOLES\r\n18 HOLES + 9 HOLES PAR 3 \r\n9 HOLES\r\n18 HOLES\r\n18 HOLES \r\n18 HOLES \r\n9 HOLES\r\n9 HOLES \r\n9 HOLES\r\n18 HOLES\r\n18 HOLES + 9 HOLES PAR 3\r\nAMPLIACI\u00d3N, 9 HOLES\r\n54 HOLES\r\n18 HOLES\r\n18 HOLES PAR 3\r\n18 HOLES PAR 3\r\n18 HOLES\r\n18 HOLES \r\n18 HOLES\r\n18 HOLES\r\n18 HOLES\r\n18 HOLES\r\n18 HOLES\r\n27 HOLES\r\n9 HOLES\r\n18 HOLES\r\n18 HOLES\r\n18 HOLES\r\n18 HOLES\r\n9 HOLES\r\n36 HOLES + 9 HOLES PAR 3<\/h5>\r\n[\/vc_column_text][\/vc_column][vc_column width=&#8221;1\/3&#8243;][vc_column_text]\r\n<h5>VALLADOLID\r\nTOLEDO\r\nPOLLENSA- PALMA DE MALLORCA\r\nPONTEVEDRA\r\nGERONA\r\nBARCELONA\r\nCASTELL\u00d3N\r\nPALAU DE PLEGAMANS-BARCELONA\r\nBENIDORM-ALICANTE\r\nBARCELONA\r\nTARRAGONA\r\nSANTA CRISTINA DE ARO &#8211; GERONA\r\nLA L\u00cdNEA DE LA CONCEPCI\u00d3N &#8211; C\u00c1DIZ\r\nMADRID\r\nMADRID\r\nLAS MA\u00c9RICAS &#8211; TENER\u00cdFE\r\nALICANTE\r\nPONTEVEDRA\r\nCHILOECHES AZUQUECA- GUADALAJARA\r\nVILA NOVA DE CERVERA\u2013 PORTUGAL\r\nMADRID\r\nMADRID\r\nVALLDEMOSSA- MALLORCA\r\nFUENTEVENTURA\r\nMADRID\r\nOROPESA &#8211; CASTELLON\r\nBENICARL\u00d3 &#8211; CASTELLON\r\nTAVERNES DE VALDIGNA \u2013 VALENCIA\r\nCASTELLON\r\nVALENCIA\r\nMURCIA\r\nTOEN &#8211; ORENSE\r\nTORREBLANCA \u2013 CASTELL\u00d3N\r\nVILLANUEVA DEL ROSARIO \u2013 M\u00c1LAGA\r\nANTAS \u2013 ALMER\u00cdA.\r\nMIRAFLORES DE LA SIERRA- MADRID\r\nBAH\u00cdA DE SAN MIGUEL<\/h5>\r\n[\/vc_column_text][\/vc_column][\/vc_row]\r\n\r\n\r\n\r\n<p>[vc_row css_animation=&#8221;&#8221; row_type=&#8221;row&#8221; use_row_as_full_screen_section=&#8221;no&#8221; type=&#8221;full_width&#8221; angled_section=&#8221;no&#8221; text_align=&#8221;left&#8221; background_image_as_pattern=&#8221;without_pattern&#8221;][vc_column][vc_empty_space height=&#8221;15px&#8221;][\/vc_column][\/vc_row][vc_row css_animation=&#8221;&#8221; row_type=&#8221;row&#8221; use_row_as_full_screen_section=&#8221;no&#8221; type=&#8221;full_width&#8221; angled_section=&#8221;no&#8221; text_align=&#8221;center&#8221; background_image=&#8221;234&#8243; background_image_as_pattern=&#8221;without_pattern&#8221; z_index=&#8221;&#8221;][vc_column][vc_separator type=&#8221;transparent&#8221; up=&#8221;58&#8243; down=&#8221;75&#8243;][vc_row_inner row_type=&#8221;row&#8221; type=&#8221;full_width&#8221; text_align=&#8221;center&#8221; css_animation=&#8221;element_from_bottom&#8221; transition_delay=&#8221;0.2&#8243;][vc_column_inner]<div class=\"custom_font_holder\" style=\" font-size: 16px; line-height: 18px; font-style: normal; font-weight: 700; color: #ffffff; text-decoration: none; text-shadow: 1px 1px 2px rgba(0, 0, 0, 0.4); text-align: center;\">DOSSIER ESPINOSA GOLF DESIGN PROJECTS<\/div>[vc_separator type=&#8221;small&#8221; position=&#8221;center&#8221; color=&#8221;#ffffff&#8221; down=&#8221;35&#8243;]<div class=\"custom_font_holder\" style=\"font-family: raleway; font-size: 40px; line-height: 44px; font-style: normal; font-weight: 400; color: #ffffff; text-decoration: none; text-shadow: 1px 1px 2px rgba(0, 0, 0, 0.4); text-align: center;\">DO YOU WANT MORE INFO ABOUT OUR PROJECTS?<\/div>[vc_separator type=&#8221;transparent&#8221; up=&#8221;12&#8243; down=&#8221;25&#8243;]<a  itemprop=\"url\" href=\"https:\/\/espinosagolfdesign.eu\/wp-content\/uploads\/2019\/02\/Resumen-Disenos-y-Proyectos_Espinosa.pdf\" target=\"_self\" data-hover-background-color='#2f6f81' data-hover-border-color='#2f6f81'  class=\"qbutton  left default\" style=\"color: #ffffff; border-color: #ffffff; \">PDF DOWNLOAD<\/a>[\/vc_column_inner][\/vc_row_inner][vc_separator type=&#8221;transparent&#8221; up=&#8221;79&#8243; down=&#8221;0&#8243;][\/vc_column][\/vc_row]<\/p>\r\n<\/section>","protected":false},"excerpt":{"rendered":"<p>[vc_row css_animation=&#8221;&#8221; row_type=&#8221;row&#8221; use_row_as_full_screen_section=&#8221;no&#8221; type=&#8221;grid&#8221; angled_section=&#8221;no&#8221; text_align=&#8221;left&#8221; background_image_as_pattern=&#8221;without_pattern&#8221; padding_top=&#8221;87&#8243; z_index=&#8221;&#8221;][vc_column][vc_column_text] Designs and projects of completed works [\/vc_column_text][vc_separator type=&#8221;small&#8221; position=&#8221;center&#8221; color=&#8221;#2f6f81&#8243; thickness=&#8221;3&#8243; width=&#8221;36&#8243; up=&#8221;23&#8243;][vc_empty_space][\/vc_column][\/vc_row] [vc_row css_animation=&#8221;&#8221; row_type=&#8221;row&#8221; use_row_as_full_screen_section=&#8221;no&#8221; type=&#8221;grid&#8221; angled_section=&#8221;no&#8221; text_align=&#8221;left&#8221; background_image_as_pattern=&#8221;without_pattern&#8221; padding_bottom=&#8221;37&#8243; z_index=&#8221;&#8221;][vc_column width=&#8221;1\/3&#8243;][vc_column_text] GOLF COURSE LA TOJA CLUB DEPORTIVO BARBER\u00c1N GRANADA CLUB DE GOLF&#8230;<\/p>\n","protected":false},"author":1,"featured_media":0,"parent":0,"menu_order":0,"comment_status":"closed","ping_status":"closed","template":"full_width.php","meta":[],"translation":{"provider":"WPGlobus","version":"2.10.6","language":"en","enabled_languages":["es","en","fr"],"languages":{"es":{"title":true,"content":true,"excerpt":false},"en":{"title":true,"content":true,"excerpt":false},"fr":{"title":true,"content":true,"excerpt":false}}},"_links":{"self":[{"href":"https:\/\/espinosagolfdesign.eu\/en\/wp-json\/wp\/v2\/pages\/317"}],"collection":[{"href":"https:\/\/espinosagolfdesign.eu\/en\/wp-json\/wp\/v2\/pages"}],"about":[{"href":"https:\/\/espinosagolfdesign.eu\/en\/wp-json\/wp\/v2\/types\/page"}],"author":[{"embeddable":true,"href":"https:\/\/espinosagolfdesign.eu\/en\/wp-json\/wp\/v2\/users\/1"}],"replies":[{"embeddable":true,"href":"https:\/\/espinosagolfdesign.eu\/en\/wp-json\/wp\/v2\/comments?post=317"}],"version-history":[{"count":29,"href":"https:\/\/espinosagolfdesign.eu\/en\/wp-json\/wp\/v2\/pages\/317\/revisions"}],"predecessor-version":[{"id":616,"href":"https:\/\/espinosagolfdesign.eu\/en\/wp-json\/wp\/v2\/pages\/317\/revisions\/616"}],"wp:attachment":[{"href":"https:\/\/espinosagolfdesign.eu\/en\/wp-json\/wp\/v2\/media?parent=317"}],"curies":[{"name":"wp","href":"https:\/\/api.w.org\/{rel}","templated":true}]}}